{"id":11605,"date":"2026-04-13T20:34:10","date_gmt":"2026-04-13T18:34:10","guid":{"rendered":"https:\/\/shop.erdexim.de\/product\/schrumpf-aufnahme-sk40-12x120\/"},"modified":"2026-04-15T14:04:44","modified_gmt":"2026-04-15T12:04:44","slug":"schrumpf-aufnahme-sk40-12x120","status":"publish","type":"product","link":"https:\/\/shop.erdexim.de\/en\/product\/schrumpf-aufnahme-sk40-12x120\/","title":{"rendered":"Schrumpf-Aufnahme SK40 12\u00d7120"},"content":{"rendered":"<p>Modell \/ Typ: SK40 \u00d812\u00d7120<br \/>\nHerkunftsland: Deutschland<br \/>\nHersteller: Haimer \/ Garant \/ G\u00fchring<br \/>\nGewicht: 2,5 kg<br \/>\nAbmessungen: 240 \u00d7 60 \u00d7 60 mm<br \/>\nZustand: gebraucht, gepr\u00fcft, funktionsf\u00e4hig<br \/>\nPreis ohne MwSt.<br \/>\nZusatzinformation: Schrumpf-Aufnahme \u00d812 \u00d7 120 mm<\/p>","protected":false},"excerpt":{"rendered":"<p>Modell \/ Typ: SK40 \u00d812\u00d7120 Herkunftsland: Deutschland Hersteller: Haimer \/ Garant \/ G\u00fchring Gewicht: 2,5 kg Abmessungen: 240 \u00d7 60 \u00d7 60 mm Zustand: gebraucht, gepr\u00fcft, funktionsf\u00e4hig Preis ohne MwSt. Zusatzinformation: Schrumpf-Aufnahme \u00d812 \u00d7 120 mm<\/p>","protected":false},"featured_media":11602,"comment_status":"closed","ping_status":"closed","template":"","meta":[],"product_brand":[],"product_cat":[449],"product_tag":[],"class_list":{"0":"post-11605","1":"product","2":"type-product","3":"status-publish","4":"has-post-thumbnail","6":"product_cat-werkzeuge","8":"first","9":"instock","10":"taxable","11":"shipping-taxable","12":"purchasable","13":"product-type-simple"},"jetpack_sharing_enabled":true,"_links":{"self":[{"href":"https:\/\/shop.erdexim.de\/en\/wp-json\/wp\/v2\/product\/11605","targetHints":{"allow":["GET"]}}],"collection":[{"href":"https:\/\/shop.erdexim.de\/en\/wp-json\/wp\/v2\/product"}],"about":[{"href":"https:\/\/shop.erdexim.de\/en\/wp-json\/wp\/v2\/types\/product"}],"replies":[{"embeddable":true,"href":"https:\/\/shop.erdexim.de\/en\/wp-json\/wp\/v2\/comments?post=11605"}],"wp:featuredmedia":[{"embeddable":true,"href":"https:\/\/shop.erdexim.de\/en\/wp-json\/wp\/v2\/media\/11602"}],"wp:attachment":[{"href":"https:\/\/shop.erdexim.de\/en\/wp-json\/wp\/v2\/media?parent=11605"}],"wp:term":[{"taxonomy":"product_brand","embeddable":true,"href":"https:\/\/shop.erdexim.de\/en\/wp-json\/wp\/v2\/product_brand?post=11605"},{"taxonomy":"product_cat","embeddable":true,"href":"https:\/\/shop.erdexim.de\/en\/wp-json\/wp\/v2\/product_cat?post=11605"},{"taxonomy":"product_tag","embeddable":true,"href":"https:\/\/shop.erdexim.de\/en\/wp-json\/wp\/v2\/product_tag?post=11605"}],"curies":[{"name":"wp","href":"https:\/\/api.w.org\/{rel}","templated":true}]}}