{"id":11614,"date":"2026-04-13T20:34:13","date_gmt":"2026-04-13T18:34:13","guid":{"rendered":"https:\/\/shop.erdexim.de\/product\/schrumpf-aufnahme-sk40-20x80\/"},"modified":"2026-04-23T17:42:18","modified_gmt":"2026-04-23T15:42:18","slug":"schrumpf-aufnahme-sk40-20x80","status":"publish","type":"product","link":"https:\/\/shop.erdexim.de\/en\/product\/schrumpf-aufnahme-sk40-20x80\/","title":{"rendered":"Schrumpf-Aufnahme SK40 20\u00d780"},"content":{"rendered":"<p>Modell \/ Typ: SK40 \u00d820\u00d780<br \/>\nHerkunftsland: Deutschland<br \/>\nHersteller: Haimer \/ Garant \/ G\u00fchring<br \/>\nGewicht: 2,5 kg<br \/>\nAbmessungen: 240 \u00d7 80 \u00d7 80 mm<br \/>\nZustand: gebraucht, gepr\u00fcft, funktionsf\u00e4hig<br \/>\nPreis ohne MwSt.<br \/>\nZusatzinformation: Schrumpf-Aufnahme \u00d820 \u00d7 80 mm<\/p>","protected":false},"excerpt":{"rendered":"<p>Modell \/ Typ: SK40 \u00d820\u00d780 Herkunftsland: Deutschland Hersteller: Haimer \/ Garant \/ G\u00fchring Gewicht: 2,5 kg Abmessungen: 240 \u00d7 80 \u00d7 80 mm Zustand: gebraucht, gepr\u00fcft, funktionsf\u00e4hig Preis ohne MwSt. Zusatzinformation: Schrumpf-Aufnahme \u00d820 \u00d7 80 mm<\/p>","protected":false},"featured_media":11610,"comment_status":"closed","ping_status":"closed","template":"","meta":[],"product_brand":[],"product_cat":[449],"product_tag":[],"class_list":{"0":"post-11614","1":"product","2":"type-product","3":"status-publish","4":"has-post-thumbnail","6":"product_cat-werkzeuge","8":"first","9":"instock","10":"taxable","11":"shipping-taxable","12":"purchasable","13":"product-type-simple"},"jetpack_sharing_enabled":true,"_links":{"self":[{"href":"https:\/\/shop.erdexim.de\/en\/wp-json\/wp\/v2\/product\/11614","targetHints":{"allow":["GET"]}}],"collection":[{"href":"https:\/\/shop.erdexim.de\/en\/wp-json\/wp\/v2\/product"}],"about":[{"href":"https:\/\/shop.erdexim.de\/en\/wp-json\/wp\/v2\/types\/product"}],"replies":[{"embeddable":true,"href":"https:\/\/shop.erdexim.de\/en\/wp-json\/wp\/v2\/comments?post=11614"}],"wp:featuredmedia":[{"embeddable":true,"href":"https:\/\/shop.erdexim.de\/en\/wp-json\/wp\/v2\/media\/11610"}],"wp:attachment":[{"href":"https:\/\/shop.erdexim.de\/en\/wp-json\/wp\/v2\/media?parent=11614"}],"wp:term":[{"taxonomy":"product_brand","embeddable":true,"href":"https:\/\/shop.erdexim.de\/en\/wp-json\/wp\/v2\/product_brand?post=11614"},{"taxonomy":"product_cat","embeddable":true,"href":"https:\/\/shop.erdexim.de\/en\/wp-json\/wp\/v2\/product_cat?post=11614"},{"taxonomy":"product_tag","embeddable":true,"href":"https:\/\/shop.erdexim.de\/en\/wp-json\/wp\/v2\/product_tag?post=11614"}],"curies":[{"name":"wp","href":"https:\/\/api.w.org\/{rel}","templated":true}]}}