{"id":11690,"date":"2026-04-14T15:57:12","date_gmt":"2026-04-14T13:57:12","guid":{"rendered":"https:\/\/shop.erdexim.de\/product\/morsekegel-aufnahme-sk40-mk4x95\/"},"modified":"2026-04-14T14:44:00","modified_gmt":"2026-04-14T12:44:00","slug":"morsekegel-aufnahme-sk40-mk4x95","status":"publish","type":"product","link":"https:\/\/shop.erdexim.de\/en\/product\/morsekegel-aufnahme-sk40-mk4x95\/","title":{"rendered":"Morsekegel-Aufnahme SK40 MK4\u00d795"},"content":{"rendered":"<p>Modell \/ Typ: SK40 MK4\u00d795<br \/>\nHerkunftsland: Deutschland<br \/>\nHersteller: Haimer \/ Garant \/ G\u00fchring<br \/>\nGewicht: 2,0 kg<br \/>\nAbmessungen: 170 \u00d7 70 \u00d7 70 mm<br \/>\nZustand: gebraucht, gepr\u00fcft, funktionsf\u00e4hig<br \/>\nPreis ohne MwSt.<br \/>\nZusatzinformation: Morsekegel-Aufnahme SK40 auf MK4, L\u00e4nge ca. 95 mm<\/p>","protected":false},"excerpt":{"rendered":"<p>Modell \/ Typ: SK40 MK4\u00d795 Herkunftsland: Deutschland Hersteller: Haimer \/ Garant \/ G\u00fchring Gewicht: 2,0 kg Abmessungen: 170 \u00d7 70 \u00d7 70 mm Zustand: gebraucht, gepr\u00fcft, funktionsf\u00e4hig Preis ohne MwSt. Zusatzinformation: Morsekegel-Aufnahme SK40 auf MK4, L\u00e4nge ca. 95 mm<\/p>","protected":false},"featured_media":11686,"comment_status":"closed","ping_status":"closed","template":"","meta":[],"product_brand":[],"product_cat":[449],"product_tag":[],"class_list":{"0":"post-11690","1":"product","2":"type-product","3":"status-publish","4":"has-post-thumbnail","6":"product_cat-werkzeuge","8":"first","9":"instock","10":"taxable","11":"shipping-taxable","12":"purchasable","13":"product-type-simple"},"jetpack_sharing_enabled":true,"_links":{"self":[{"href":"https:\/\/shop.erdexim.de\/en\/wp-json\/wp\/v2\/product\/11690","targetHints":{"allow":["GET"]}}],"collection":[{"href":"https:\/\/shop.erdexim.de\/en\/wp-json\/wp\/v2\/product"}],"about":[{"href":"https:\/\/shop.erdexim.de\/en\/wp-json\/wp\/v2\/types\/product"}],"replies":[{"embeddable":true,"href":"https:\/\/shop.erdexim.de\/en\/wp-json\/wp\/v2\/comments?post=11690"}],"wp:featuredmedia":[{"embeddable":true,"href":"https:\/\/shop.erdexim.de\/en\/wp-json\/wp\/v2\/media\/11686"}],"wp:attachment":[{"href":"https:\/\/shop.erdexim.de\/en\/wp-json\/wp\/v2\/media?parent=11690"}],"wp:term":[{"taxonomy":"product_brand","embeddable":true,"href":"https:\/\/shop.erdexim.de\/en\/wp-json\/wp\/v2\/product_brand?post=11690"},{"taxonomy":"product_cat","embeddable":true,"href":"https:\/\/shop.erdexim.de\/en\/wp-json\/wp\/v2\/product_cat?post=11690"},{"taxonomy":"product_tag","embeddable":true,"href":"https:\/\/shop.erdexim.de\/en\/wp-json\/wp\/v2\/product_tag?post=11690"}],"curies":[{"name":"wp","href":"https:\/\/api.w.org\/{rel}","templated":true}]}}