{"id":11707,"date":"2026-04-14T16:44:05","date_gmt":"2026-04-14T14:44:05","guid":{"rendered":"https:\/\/shop.erdexim.de\/product\/hydraulisches-spannfutter-sk40-20x60-schunk\/"},"modified":"2026-04-14T14:44:05","modified_gmt":"2026-04-14T12:44:05","slug":"hydraulisches-spannfutter-sk40-20x60-schunk","status":"publish","type":"product","link":"https:\/\/shop.erdexim.de\/en\/product\/hydraulisches-spannfutter-sk40-20x60-schunk\/","title":{"rendered":"Hydraulisches Spannfutter SK40 20\u00d760 Schunk"},"content":{"rendered":"<p>Modell \/ Typ: SK40 \u00d820\u00d760<br \/>\nHerkunftsland: Deutschland<br \/>\nHersteller: Schunk<br \/>\nGewicht: 1,0 kg<br \/>\nAbmessungen: 150 \u00d7 60 \u00d7 60 mm<br \/>\nZustand: gebraucht, gepr\u00fcft, funktionsf\u00e4hig<br \/>\nPreis ohne MwSt.<br \/>\nZusatzinformation: Hydraulisches Spannfutter \u00d820 mm, Spannl\u00e4nge 60 mm, hohe Rundlaufgenauigkeit<\/p>","protected":false},"excerpt":{"rendered":"<p>Modell \/ Typ: SK40 \u00d820\u00d760 Herkunftsland: Deutschland Hersteller: Schunk Gewicht: 1,0 kg Abmessungen: 150 \u00d7 60 \u00d7 60 mm Zustand: gebraucht, gepr\u00fcft, funktionsf\u00e4hig Preis ohne MwSt. Zusatzinformation: Hydraulisches Spannfutter \u00d820 mm, Spannl\u00e4nge 60 mm, hohe Rundlaufgenauigkeit<\/p>","protected":false},"featured_media":11703,"comment_status":"closed","ping_status":"closed","template":"","meta":[],"product_brand":[],"product_cat":[449],"product_tag":[],"class_list":{"0":"post-11707","1":"product","2":"type-product","3":"status-publish","4":"has-post-thumbnail","6":"product_cat-werkzeuge","8":"first","9":"instock","10":"taxable","11":"shipping-taxable","12":"purchasable","13":"product-type-simple"},"jetpack_sharing_enabled":true,"_links":{"self":[{"href":"https:\/\/shop.erdexim.de\/en\/wp-json\/wp\/v2\/product\/11707","targetHints":{"allow":["GET"]}}],"collection":[{"href":"https:\/\/shop.erdexim.de\/en\/wp-json\/wp\/v2\/product"}],"about":[{"href":"https:\/\/shop.erdexim.de\/en\/wp-json\/wp\/v2\/types\/product"}],"replies":[{"embeddable":true,"href":"https:\/\/shop.erdexim.de\/en\/wp-json\/wp\/v2\/comments?post=11707"}],"wp:featuredmedia":[{"embeddable":true,"href":"https:\/\/shop.erdexim.de\/en\/wp-json\/wp\/v2\/media\/11703"}],"wp:attachment":[{"href":"https:\/\/shop.erdexim.de\/en\/wp-json\/wp\/v2\/media?parent=11707"}],"wp:term":[{"taxonomy":"product_brand","embeddable":true,"href":"https:\/\/shop.erdexim.de\/en\/wp-json\/wp\/v2\/product_brand?post=11707"},{"taxonomy":"product_cat","embeddable":true,"href":"https:\/\/shop.erdexim.de\/en\/wp-json\/wp\/v2\/product_cat?post=11707"},{"taxonomy":"product_tag","embeddable":true,"href":"https:\/\/shop.erdexim.de\/en\/wp-json\/wp\/v2\/product_tag?post=11707"}],"curies":[{"name":"wp","href":"https:\/\/api.w.org\/{rel}","templated":true}]}}