{"id":11770,"date":"2026-04-15T16:05:16","date_gmt":"2026-04-15T14:05:16","guid":{"rendered":"https:\/\/shop.erdexim.de\/product\/spannzangenfutter-sk40-er32-160\/"},"modified":"2026-04-15T14:05:16","modified_gmt":"2026-04-15T12:05:16","slug":"spannzangenfutter-sk40-er32-160","status":"publish","type":"product","link":"https:\/\/shop.erdexim.de\/en\/product\/spannzangenfutter-sk40-er32-160\/","title":{"rendered":"Spannzangenfutter SK40 ER32 160"},"content":{"rendered":"<p>Modell \/ Typ: SK40 ER32<br \/>\nHerkunftsland: Deutschland<br \/>\nHersteller: Haimer \/ Garant \/ G\u00fchring<br \/>\nGewicht: 2,5 kg<br \/>\nAbmessungen: 250 \u00d7 70 \u00d7 70 mm<br \/>\nZustand: gebraucht, gepr\u00fcft, voll funktionsf\u00e4hig<br \/>\nPreis ohne MwSt.<br \/>\nZusatzinformation: Spannzangenfutter f\u00fcr ER32 Spannzangen, extra lange Ausf\u00fchrung, Auskragl\u00e4nge ca. 160 mm, geeignet f\u00fcr SK40-Spindeln<\/p>","protected":false},"excerpt":{"rendered":"<p>Modell \/ Typ: SK40 ER32 Herkunftsland: Deutschland Hersteller: Haimer \/ Garant \/ G\u00fchring Gewicht: 2,5 kg Abmessungen: 250 \u00d7 70 \u00d7 70 mm Zustand: gebraucht, gepr\u00fcft, voll funktionsf\u00e4hig Preis ohne MwSt. Zusatzinformation: Spannzangenfutter f\u00fcr ER32 Spannzangen, extra lange Ausf\u00fchrung, Auskragl\u00e4nge ca. 160 mm, geeignet f\u00fcr SK40-Spindeln<\/p>","protected":false},"featured_media":11765,"comment_status":"closed","ping_status":"closed","template":"","meta":[],"product_brand":[],"product_cat":[449],"product_tag":[],"class_list":{"0":"post-11770","1":"product","2":"type-product","3":"status-publish","4":"has-post-thumbnail","6":"product_cat-werkzeuge","8":"first","9":"instock","10":"taxable","11":"shipping-taxable","12":"purchasable","13":"product-type-simple"},"jetpack_sharing_enabled":true,"_links":{"self":[{"href":"https:\/\/shop.erdexim.de\/en\/wp-json\/wp\/v2\/product\/11770","targetHints":{"allow":["GET"]}}],"collection":[{"href":"https:\/\/shop.erdexim.de\/en\/wp-json\/wp\/v2\/product"}],"about":[{"href":"https:\/\/shop.erdexim.de\/en\/wp-json\/wp\/v2\/types\/product"}],"replies":[{"embeddable":true,"href":"https:\/\/shop.erdexim.de\/en\/wp-json\/wp\/v2\/comments?post=11770"}],"wp:featuredmedia":[{"embeddable":true,"href":"https:\/\/shop.erdexim.de\/en\/wp-json\/wp\/v2\/media\/11765"}],"wp:attachment":[{"href":"https:\/\/shop.erdexim.de\/en\/wp-json\/wp\/v2\/media?parent=11770"}],"wp:term":[{"taxonomy":"product_brand","embeddable":true,"href":"https:\/\/shop.erdexim.de\/en\/wp-json\/wp\/v2\/product_brand?post=11770"},{"taxonomy":"product_cat","embeddable":true,"href":"https:\/\/shop.erdexim.de\/en\/wp-json\/wp\/v2\/product_cat?post=11770"},{"taxonomy":"product_tag","embeddable":true,"href":"https:\/\/shop.erdexim.de\/en\/wp-json\/wp\/v2\/product_tag?post=11770"}],"curies":[{"name":"wp","href":"https:\/\/api.w.org\/{rel}","templated":true}]}}