{"id":11787,"date":"2026-04-22T18:20:53","date_gmt":"2026-04-22T16:20:53","guid":{"rendered":"https:\/\/shop.erdexim.de\/product\/fraeskopfaufnahme-sk40-22x35\/"},"modified":"2026-04-23T17:42:50","modified_gmt":"2026-04-23T15:42:50","slug":"fraeskopfaufnahme-sk40-22x35","status":"publish","type":"product","link":"https:\/\/shop.erdexim.de\/en\/product\/fraeskopfaufnahme-sk40-22x35\/","title":{"rendered":"Fr\u00e4skopfaufnahme SK40 22\u00d735"},"content":{"rendered":"<p>Modell \/ Typ: SK40<br \/>\nHerkunftsland: Deutschland<br \/>\nHersteller: Haimer \/ Garant \/ G\u00fchring<br \/>\nGewicht: 1,5 kg<br \/>\nAbmessungen: 130 \u00d7 65 \u00d7 65 mm<br \/>\nZustand: gebraucht, gepr\u00fcft, voll funktionsf\u00e4hig<br \/>\nPreis ohne MwSt.<br \/>\nZusatzinformation: Aufnahme f\u00fcr Fr\u00e4sk\u00f6pfe (Planfr\u00e4ser), Durchmesser \u00d822 mm, Auskragl\u00e4nge ca. 35 mm, mit Mitnehmern, geeignet f\u00fcr SK40-Spindeln<\/p>","protected":false},"excerpt":{"rendered":"<p>Modell \/ Typ: SK40 Herkunftsland: Deutschland Hersteller: Haimer \/ Garant \/ G\u00fchring Gewicht: 1,5 kg Abmessungen: 130 \u00d7 65 \u00d7 65 mm Zustand: gebraucht, gepr\u00fcft, voll funktionsf\u00e4hig Preis ohne MwSt. Zusatzinformation: Aufnahme f\u00fcr Fr\u00e4sk\u00f6pfe (Planfr\u00e4ser), Durchmesser \u00d822 mm, Auskragl\u00e4nge ca. 35 mm, mit Mitnehmern, geeignet f\u00fcr SK40-Spindeln<\/p>","protected":false},"featured_media":11784,"comment_status":"closed","ping_status":"closed","template":"","meta":[],"product_brand":[],"product_cat":[449],"product_tag":[],"class_list":{"0":"post-11787","1":"product","2":"type-product","3":"status-publish","4":"has-post-thumbnail","6":"product_cat-werkzeuge","8":"first","9":"instock","10":"taxable","11":"shipping-taxable","12":"purchasable","13":"product-type-simple"},"jetpack_sharing_enabled":true,"_links":{"self":[{"href":"https:\/\/shop.erdexim.de\/en\/wp-json\/wp\/v2\/product\/11787","targetHints":{"allow":["GET"]}}],"collection":[{"href":"https:\/\/shop.erdexim.de\/en\/wp-json\/wp\/v2\/product"}],"about":[{"href":"https:\/\/shop.erdexim.de\/en\/wp-json\/wp\/v2\/types\/product"}],"replies":[{"embeddable":true,"href":"https:\/\/shop.erdexim.de\/en\/wp-json\/wp\/v2\/comments?post=11787"}],"wp:featuredmedia":[{"embeddable":true,"href":"https:\/\/shop.erdexim.de\/en\/wp-json\/wp\/v2\/media\/11784"}],"wp:attachment":[{"href":"https:\/\/shop.erdexim.de\/en\/wp-json\/wp\/v2\/media?parent=11787"}],"wp:term":[{"taxonomy":"product_brand","embeddable":true,"href":"https:\/\/shop.erdexim.de\/en\/wp-json\/wp\/v2\/product_brand?post=11787"},{"taxonomy":"product_cat","embeddable":true,"href":"https:\/\/shop.erdexim.de\/en\/wp-json\/wp\/v2\/product_cat?post=11787"},{"taxonomy":"product_tag","embeddable":true,"href":"https:\/\/shop.erdexim.de\/en\/wp-json\/wp\/v2\/product_tag?post=11787"}],"curies":[{"name":"wp","href":"https:\/\/api.w.org\/{rel}","templated":true}]}}