{"id":11811,"date":"2026-04-22T18:42:58","date_gmt":"2026-04-22T16:42:58","guid":{"rendered":"https:\/\/shop.erdexim.de\/product\/spannzangenfutter-sk40-oz25-80\/"},"modified":"2026-05-07T12:39:48","modified_gmt":"2026-05-07T10:39:48","slug":"spannzangenfutter-sk40-oz25-80","status":"publish","type":"product","link":"https:\/\/shop.erdexim.de\/en\/product\/spannzangenfutter-sk40-oz25-80\/","title":{"rendered":"Spannzangenfutter SK40 OZ25 80"},"content":{"rendered":"<p>Spannzangenfutter SK40 OZ25 80<br \/>\nModell \/ Typ: SK40 DIN 69871 AD<br \/>\nHerkunftsland: Deutschland<br \/>\nHersteller: unbekannt<br \/>\nGewicht: 1,5 kg<br \/>\nAbmessungen: 160 \u00d7 70 \u00d7 70 mm<br \/>\nZustand: gebraucht, gepr\u00fcft, voll funktionsf\u00e4hig<br \/>\nPreis ohne MwSt.<br \/>\nZusatzinformation: Spannzangenfutter f\u00fcr OZ25 (EOC25) nach DIN 6388, Spannbereich bis ca. 25 mm, nicht ER-System<\/p>","protected":false},"excerpt":{"rendered":"<p>Spannzangenfutter SK40 OZ25 80 Modell \/ Typ: SK40 DIN 69871 AD Herkunftsland: Deutschland Hersteller: unbekannt Gewicht: 1,5 kg Abmessungen: 160 \u00d7 70 \u00d7 70 mm Zustand: gebraucht, gepr\u00fcft, voll funktionsf\u00e4hig Preis ohne MwSt. Zusatzinformation: Spannzangenfutter f\u00fcr OZ25 (EOC25) nach DIN 6388, Spannbereich bis ca. 25 mm, nicht ER-System<\/p>","protected":false},"featured_media":11806,"comment_status":"closed","ping_status":"closed","template":"","meta":[],"product_brand":[],"product_cat":[449],"product_tag":[],"class_list":{"0":"post-11811","1":"product","2":"type-product","3":"status-publish","4":"has-post-thumbnail","6":"product_cat-werkzeuge","8":"first","9":"instock","10":"taxable","11":"shipping-taxable","12":"purchasable","13":"product-type-simple"},"jetpack_sharing_enabled":true,"_links":{"self":[{"href":"https:\/\/shop.erdexim.de\/en\/wp-json\/wp\/v2\/product\/11811","targetHints":{"allow":["GET"]}}],"collection":[{"href":"https:\/\/shop.erdexim.de\/en\/wp-json\/wp\/v2\/product"}],"about":[{"href":"https:\/\/shop.erdexim.de\/en\/wp-json\/wp\/v2\/types\/product"}],"replies":[{"embeddable":true,"href":"https:\/\/shop.erdexim.de\/en\/wp-json\/wp\/v2\/comments?post=11811"}],"wp:featuredmedia":[{"embeddable":true,"href":"https:\/\/shop.erdexim.de\/en\/wp-json\/wp\/v2\/media\/11806"}],"wp:attachment":[{"href":"https:\/\/shop.erdexim.de\/en\/wp-json\/wp\/v2\/media?parent=11811"}],"wp:term":[{"taxonomy":"product_brand","embeddable":true,"href":"https:\/\/shop.erdexim.de\/en\/wp-json\/wp\/v2\/product_brand?post=11811"},{"taxonomy":"product_cat","embeddable":true,"href":"https:\/\/shop.erdexim.de\/en\/wp-json\/wp\/v2\/product_cat?post=11811"},{"taxonomy":"product_tag","embeddable":true,"href":"https:\/\/shop.erdexim.de\/en\/wp-json\/wp\/v2\/product_tag?post=11811"}],"curies":[{"name":"wp","href":"https:\/\/api.w.org\/{rel}","templated":true}]}}