{"id":11829,"date":"2026-04-22T18:43:03","date_gmt":"2026-04-22T16:43:03","guid":{"rendered":"https:\/\/shop.erdexim.de\/product\/permanent-magnet-motor-siemens-1ft6086-8ah71-4ah0\/"},"modified":"2026-04-22T16:43:03","modified_gmt":"2026-04-22T14:43:03","slug":"permanent-magnet-motor-siemens-1ft6086-8ah71-4ah0","status":"publish","type":"product","link":"https:\/\/shop.erdexim.de\/en\/product\/permanent-magnet-motor-siemens-1ft6086-8ah71-4ah0\/","title":{"rendered":"Permanent-Magnet-Motor Siemens 1FT6086-8AH71-4AH0"},"content":{"rendered":"<p>Modell \/ Typ: 1FT6086-8AH71-4AH0<br \/>\nHerkunftsland: Deutschland<br \/>\nHersteller: Siemens<br \/>\nGewicht: 60 kg<br \/>\nAbmessungen: 450 \u00d7 250 \u00d7 200 mm<br \/>\nZustand: gebraucht, gepr\u00fcft, voll funktionsf\u00e4hig<br \/>\nPreis ohne MwSt.<br \/>\nZusatzinformation: Synchron-Servomotor, Nenndrehmoment 12 Nm, Nenndrehzahl 4500\/min, max. Drehzahl 5000\/min, Bauform IM B5, Schutzart IP65<\/p>","protected":false},"excerpt":{"rendered":"<p>Modell \/ Typ: 1FT6086-8AH71-4AH0 Herkunftsland: Deutschland Hersteller: Siemens Gewicht: 60 kg Abmessungen: 450 \u00d7 250 \u00d7 200 mm Zustand: gebraucht, gepr\u00fcft, voll funktionsf\u00e4hig Preis ohne MwSt. Zusatzinformation: Synchron-Servomotor, Nenndrehmoment 12 Nm, Nenndrehzahl 4500\/min, max. Drehzahl 5000\/min, Bauform IM B5, Schutzart IP65<\/p>","protected":false},"featured_media":11823,"comment_status":"closed","ping_status":"closed","template":"","meta":[],"product_brand":[],"product_cat":[414],"product_tag":[],"class_list":{"0":"post-11829","1":"product","2":"type-product","3":"status-publish","4":"has-post-thumbnail","6":"product_cat-motoren","8":"first","9":"instock","10":"taxable","11":"shipping-taxable","12":"purchasable","13":"product-type-simple"},"jetpack_sharing_enabled":true,"_links":{"self":[{"href":"https:\/\/shop.erdexim.de\/en\/wp-json\/wp\/v2\/product\/11829","targetHints":{"allow":["GET"]}}],"collection":[{"href":"https:\/\/shop.erdexim.de\/en\/wp-json\/wp\/v2\/product"}],"about":[{"href":"https:\/\/shop.erdexim.de\/en\/wp-json\/wp\/v2\/types\/product"}],"replies":[{"embeddable":true,"href":"https:\/\/shop.erdexim.de\/en\/wp-json\/wp\/v2\/comments?post=11829"}],"wp:featuredmedia":[{"embeddable":true,"href":"https:\/\/shop.erdexim.de\/en\/wp-json\/wp\/v2\/media\/11823"}],"wp:attachment":[{"href":"https:\/\/shop.erdexim.de\/en\/wp-json\/wp\/v2\/media?parent=11829"}],"wp:term":[{"taxonomy":"product_brand","embeddable":true,"href":"https:\/\/shop.erdexim.de\/en\/wp-json\/wp\/v2\/product_brand?post=11829"},{"taxonomy":"product_cat","embeddable":true,"href":"https:\/\/shop.erdexim.de\/en\/wp-json\/wp\/v2\/product_cat?post=11829"},{"taxonomy":"product_tag","embeddable":true,"href":"https:\/\/shop.erdexim.de\/en\/wp-json\/wp\/v2\/product_tag?post=11829"}],"curies":[{"name":"wp","href":"https:\/\/api.w.org\/{rel}","templated":true}]}}