{"id":11886,"date":"0001-01-01T00:53:28","date_gmt":"0001-01-01T00:00:00","guid":{"rendered":"https:\/\/shop.erdexim.de\/product\/servomotor-siemens-1ft6082-1af71-1ah1\/"},"modified":"0001-01-01T00:53:28","modified_gmt":"0001-01-01T00:00:00","slug":"servomotor-siemens-1ft6082-1af71-1ah1","status":"publish","type":"product","link":"https:\/\/shop.erdexim.de\/en\/product\/servomotor-siemens-1ft6082-1af71-1ah1\/","title":{"rendered":"Servomotor Siemens 1FT6082-1AF71-1AH1"},"content":{"rendered":"<p>Modell \/ Typ: 1FT6082-1AF71-1AH1<br \/>\nHerkunftsland: Deutschland<br \/>\nHersteller: Siemens<br \/>\nGewicht: 20 kg<br \/>\nAbmessungen: 350 \u00d7 300 \u00d7 300 mm<br \/>\nZustand: gebraucht, gepr\u00fcft, voll funktionsf\u00e4hig<br \/>\nPreis ohne MwSt.<br \/>\nZusatzinformation: Servomotor mit Nenndrehmoment 10,3 Nm und Stillstandsmoment 10,8\/13,0 Nm, Nenndrehzahl 3000\/min, max. Drehzahl 5200\/min, Versorgung 240 V, Schutzart IP65, optischer Encoder 2048 S\/R<\/p>","protected":false},"excerpt":{"rendered":"<p>Modell \/ Typ: 1FT6082-1AF71-1AH1 Herkunftsland: Deutschland Hersteller: Siemens Gewicht: 20 kg Abmessungen: 350 \u00d7 300 \u00d7 300 mm Zustand: gebraucht, gepr\u00fcft, voll funktionsf\u00e4hig Preis ohne MwSt. Zusatzinformation: Servomotor mit Nenndrehmoment 10,3 Nm und Stillstandsmoment 10,8\/13,0 Nm, Nenndrehzahl 3000\/min, max. Drehzahl 5200\/min, Versorgung 240 V, Schutzart IP65, optischer Encoder 2048 S\/R<\/p>","protected":false},"featured_media":11881,"comment_status":"closed","ping_status":"closed","template":"","meta":[],"product_brand":[],"product_cat":[414],"product_tag":[],"class_list":{"0":"post-11886","1":"product","2":"type-product","3":"status-publish","4":"has-post-thumbnail","6":"product_cat-motoren","8":"first","9":"outofstock","10":"taxable","11":"shipping-taxable","12":"purchasable","13":"product-type-simple"},"jetpack_sharing_enabled":true,"_links":{"self":[{"href":"https:\/\/shop.erdexim.de\/en\/wp-json\/wp\/v2\/product\/11886","targetHints":{"allow":["GET"]}}],"collection":[{"href":"https:\/\/shop.erdexim.de\/en\/wp-json\/wp\/v2\/product"}],"about":[{"href":"https:\/\/shop.erdexim.de\/en\/wp-json\/wp\/v2\/types\/product"}],"replies":[{"embeddable":true,"href":"https:\/\/shop.erdexim.de\/en\/wp-json\/wp\/v2\/comments?post=11886"}],"wp:featuredmedia":[{"embeddable":true,"href":"https:\/\/shop.erdexim.de\/en\/wp-json\/wp\/v2\/media\/11881"}],"wp:attachment":[{"href":"https:\/\/shop.erdexim.de\/en\/wp-json\/wp\/v2\/media?parent=11886"}],"wp:term":[{"taxonomy":"product_brand","embeddable":true,"href":"https:\/\/shop.erdexim.de\/en\/wp-json\/wp\/v2\/product_brand?post=11886"},{"taxonomy":"product_cat","embeddable":true,"href":"https:\/\/shop.erdexim.de\/en\/wp-json\/wp\/v2\/product_cat?post=11886"},{"taxonomy":"product_tag","embeddable":true,"href":"https:\/\/shop.erdexim.de\/en\/wp-json\/wp\/v2\/product_tag?post=11886"}],"curies":[{"name":"wp","href":"https:\/\/api.w.org\/{rel}","templated":true}]}}