{"id":11892,"date":"0001-01-01T00:53:28","date_gmt":"0001-01-01T00:00:00","guid":{"rendered":"https:\/\/shop.erdexim.de\/product\/servomotor-siemens-1ft6064-6af71-4al2-z\/"},"modified":"0001-01-01T00:53:28","modified_gmt":"0001-01-01T00:00:00","slug":"servomotor-siemens-1ft6064-6af71-4al2-z","status":"publish","type":"product","link":"https:\/\/shop.erdexim.de\/en\/product\/servomotor-siemens-1ft6064-6af71-4al2-z\/","title":{"rendered":"Servomotor Siemens 1FT6064-6AF71-4AL2-Z"},"content":{"rendered":"<p>Modell \/ Typ: 1FT6064-6AF71-4AL2-Z<br \/>\nHerkunftsland: Deutschland<br \/>\nHersteller: Siemens<br \/>\nGewicht: 8 kg<br \/>\nAbmessungen: 320 \u00d7 120 \u00d7 120 mm<br \/>\nZustand: gebraucht, gepr\u00fcft, voll funktionsf\u00e4hig<br \/>\nPreis ohne MwSt.<br \/>\nZusatzinformation: Servomotor mit Nenndrehmoment 7,0 Nm und Stillstandsmoment 7,9\/9,5 Nm, Nenndrehzahl 3000\/min, max. Drehzahl ca. 5500\/min, Versorgung 291 V, Schutzart IP67, optischer Encoder 2048 S\/R, mit Haltebremse 24 V<\/p>","protected":false},"excerpt":{"rendered":"<p>Modell \/ Typ: 1FT6064-6AF71-4AL2-Z Herkunftsland: Deutschland Hersteller: Siemens Gewicht: 8 kg Abmessungen: 320 \u00d7 120 \u00d7 120 mm Zustand: gebraucht, gepr\u00fcft, voll funktionsf\u00e4hig Preis ohne MwSt. Zusatzinformation: Servomotor mit Nenndrehmoment 7,0 Nm und Stillstandsmoment 7,9\/9,5 Nm, Nenndrehzahl 3000\/min, max. Drehzahl ca. 5500\/min, Versorgung 291 V, Schutzart IP67, optischer Encoder 2048 S\/R, mit Haltebremse 24 V<\/p>","protected":false},"featured_media":11887,"comment_status":"closed","ping_status":"closed","template":"","meta":[],"product_brand":[],"product_cat":[414],"product_tag":[],"class_list":{"0":"post-11892","1":"product","2":"type-product","3":"status-publish","4":"has-post-thumbnail","6":"product_cat-motoren","8":"first","9":"outofstock","10":"taxable","11":"shipping-taxable","12":"purchasable","13":"product-type-simple"},"jetpack_sharing_enabled":true,"_links":{"self":[{"href":"https:\/\/shop.erdexim.de\/en\/wp-json\/wp\/v2\/product\/11892","targetHints":{"allow":["GET"]}}],"collection":[{"href":"https:\/\/shop.erdexim.de\/en\/wp-json\/wp\/v2\/product"}],"about":[{"href":"https:\/\/shop.erdexim.de\/en\/wp-json\/wp\/v2\/types\/product"}],"replies":[{"embeddable":true,"href":"https:\/\/shop.erdexim.de\/en\/wp-json\/wp\/v2\/comments?post=11892"}],"wp:featuredmedia":[{"embeddable":true,"href":"https:\/\/shop.erdexim.de\/en\/wp-json\/wp\/v2\/media\/11887"}],"wp:attachment":[{"href":"https:\/\/shop.erdexim.de\/en\/wp-json\/wp\/v2\/media?parent=11892"}],"wp:term":[{"taxonomy":"product_brand","embeddable":true,"href":"https:\/\/shop.erdexim.de\/en\/wp-json\/wp\/v2\/product_brand?post=11892"},{"taxonomy":"product_cat","embeddable":true,"href":"https:\/\/shop.erdexim.de\/en\/wp-json\/wp\/v2\/product_cat?post=11892"},{"taxonomy":"product_tag","embeddable":true,"href":"https:\/\/shop.erdexim.de\/en\/wp-json\/wp\/v2\/product_tag?post=11892"}],"curies":[{"name":"wp","href":"https:\/\/api.w.org\/{rel}","templated":true}]}}