{"id":11915,"date":"0001-01-01T00:53:28","date_gmt":"0001-01-01T00:00:00","guid":{"rendered":"https:\/\/shop.erdexim.de\/product\/servomotor-siemens-1ft6044-4ak71-4al0-z\/"},"modified":"0001-01-01T00:53:28","modified_gmt":"0001-01-01T00:00:00","slug":"servomotor-siemens-1ft6044-4ak71-4al0-z","status":"publish","type":"product","link":"https:\/\/shop.erdexim.de\/en\/product\/servomotor-siemens-1ft6044-4ak71-4al0-z\/","title":{"rendered":"Servomotor Siemens 1FT6044-4AK71-4AL0-Z"},"content":{"rendered":"<p>Modell \/ Typ: 1FT6044-4AK71-4AL0-Z<br \/>\nHerkunftsland: Deutschland<br \/>\nHersteller: Siemens<br \/>\nGewicht: 5 kg<br \/>\nAbmessungen: 350 \u00d7 120 \u00d7 120 mm<br \/>\nZustand: gebraucht, gepr\u00fcft, voll funktionsf\u00e4hig<br \/>\nPreis ohne MwSt.<br \/>\nZusatzinformation: Leistungsstarker Servomotor mit Nenndrehmoment 17 Nm, Nenndrehzahl 6000\/min, max. Drehzahl 7700\/min, Versorgung 324 V, mit Encoder 2048 S\/R und Haltebremse, Schutzart IP64<\/p>","protected":false},"excerpt":{"rendered":"<p>Modell \/ Typ: 1FT6044-4AK71-4AL0-Z Herkunftsland: Deutschland Hersteller: Siemens Gewicht: 5 kg Abmessungen: 350 \u00d7 120 \u00d7 120 mm Zustand: gebraucht, gepr\u00fcft, voll funktionsf\u00e4hig Preis ohne MwSt. Zusatzinformation: Leistungsstarker Servomotor mit Nenndrehmoment 17 Nm, Nenndrehzahl 6000\/min, max. Drehzahl 7700\/min, Versorgung 324 V, mit Encoder 2048 S\/R und Haltebremse, Schutzart IP64<\/p>","protected":false},"featured_media":11911,"comment_status":"closed","ping_status":"closed","template":"","meta":[],"product_brand":[],"product_cat":[414],"product_tag":[],"class_list":{"0":"post-11915","1":"product","2":"type-product","3":"status-publish","4":"has-post-thumbnail","6":"product_cat-motoren","8":"first","9":"outofstock","10":"taxable","11":"shipping-taxable","12":"purchasable","13":"product-type-simple"},"jetpack_sharing_enabled":true,"_links":{"self":[{"href":"https:\/\/shop.erdexim.de\/en\/wp-json\/wp\/v2\/product\/11915","targetHints":{"allow":["GET"]}}],"collection":[{"href":"https:\/\/shop.erdexim.de\/en\/wp-json\/wp\/v2\/product"}],"about":[{"href":"https:\/\/shop.erdexim.de\/en\/wp-json\/wp\/v2\/types\/product"}],"replies":[{"embeddable":true,"href":"https:\/\/shop.erdexim.de\/en\/wp-json\/wp\/v2\/comments?post=11915"}],"wp:featuredmedia":[{"embeddable":true,"href":"https:\/\/shop.erdexim.de\/en\/wp-json\/wp\/v2\/media\/11911"}],"wp:attachment":[{"href":"https:\/\/shop.erdexim.de\/en\/wp-json\/wp\/v2\/media?parent=11915"}],"wp:term":[{"taxonomy":"product_brand","embeddable":true,"href":"https:\/\/shop.erdexim.de\/en\/wp-json\/wp\/v2\/product_brand?post=11915"},{"taxonomy":"product_cat","embeddable":true,"href":"https:\/\/shop.erdexim.de\/en\/wp-json\/wp\/v2\/product_cat?post=11915"},{"taxonomy":"product_tag","embeddable":true,"href":"https:\/\/shop.erdexim.de\/en\/wp-json\/wp\/v2\/product_tag?post=11915"}],"curies":[{"name":"wp","href":"https:\/\/api.w.org\/{rel}","templated":true}]}}