{"id":11988,"date":"2026-05-05T19:59:00","date_gmt":"2026-05-05T17:59:00","guid":{"rendered":"https:\/\/shop.erdexim.de\/product\/servomotor-siemens-1ft6062-6af71-3ab2\/"},"modified":"2026-05-05T17:59:00","modified_gmt":"2026-05-05T15:59:00","slug":"servomotor-siemens-1ft6062-6af71-3ab2","status":"publish","type":"product","link":"https:\/\/shop.erdexim.de\/en\/product\/servomotor-siemens-1ft6062-6af71-3ab2\/","title":{"rendered":"Servomotor Siemens 1FT6062-6AF71-3AB2"},"content":{"rendered":"<p>Modell \/ Typ: 1FT6062-6AF71-3AB2<br \/>\nHerkunftsland: Deutschland<br \/>\nHersteller: Siemens<br \/>\nGewicht: 7 kg<br \/>\nAbmessungen: 450 \u00d7 150 \u00d7 150 mm<br \/>\nZustand: gebraucht, gepr\u00fcft, voll funktionsf\u00e4hig<br \/>\nPreis ohne MwSt.<br \/>\nZusatzinformation: Servomotor mit Drehmoment ca. 4,6\u20135,5 Nm, Nenndrehzahl 3000\/min, max. Drehzahl 3900\/min, mit Haltebremse 24V und Encoder 2048 S\/R, Schutzart IP67<\/p>","protected":false},"excerpt":{"rendered":"<p>Modell \/ Typ: 1FT6062-6AF71-3AB2 Herkunftsland: Deutschland Hersteller: Siemens Gewicht: 7 kg Abmessungen: 450 \u00d7 150 \u00d7 150 mm Zustand: gebraucht, gepr\u00fcft, voll funktionsf\u00e4hig Preis ohne MwSt. Zusatzinformation: Servomotor mit Drehmoment ca. 4,6\u20135,5 Nm, Nenndrehzahl 3000\/min, max. Drehzahl 3900\/min, mit Haltebremse 24V und Encoder 2048 S\/R, Schutzart IP67<\/p>","protected":false},"featured_media":11982,"comment_status":"closed","ping_status":"closed","template":"","meta":[],"product_brand":[],"product_cat":[414],"product_tag":[],"class_list":{"0":"post-11988","1":"product","2":"type-product","3":"status-publish","4":"has-post-thumbnail","6":"product_cat-motoren","8":"first","9":"instock","10":"taxable","11":"shipping-taxable","12":"purchasable","13":"product-type-simple"},"jetpack_sharing_enabled":true,"_links":{"self":[{"href":"https:\/\/shop.erdexim.de\/en\/wp-json\/wp\/v2\/product\/11988","targetHints":{"allow":["GET"]}}],"collection":[{"href":"https:\/\/shop.erdexim.de\/en\/wp-json\/wp\/v2\/product"}],"about":[{"href":"https:\/\/shop.erdexim.de\/en\/wp-json\/wp\/v2\/types\/product"}],"replies":[{"embeddable":true,"href":"https:\/\/shop.erdexim.de\/en\/wp-json\/wp\/v2\/comments?post=11988"}],"wp:featuredmedia":[{"embeddable":true,"href":"https:\/\/shop.erdexim.de\/en\/wp-json\/wp\/v2\/media\/11982"}],"wp:attachment":[{"href":"https:\/\/shop.erdexim.de\/en\/wp-json\/wp\/v2\/media?parent=11988"}],"wp:term":[{"taxonomy":"product_brand","embeddable":true,"href":"https:\/\/shop.erdexim.de\/en\/wp-json\/wp\/v2\/product_brand?post=11988"},{"taxonomy":"product_cat","embeddable":true,"href":"https:\/\/shop.erdexim.de\/en\/wp-json\/wp\/v2\/product_cat?post=11988"},{"taxonomy":"product_tag","embeddable":true,"href":"https:\/\/shop.erdexim.de\/en\/wp-json\/wp\/v2\/product_tag?post=11988"}],"curies":[{"name":"wp","href":"https:\/\/api.w.org\/{rel}","templated":true}]}}