{"id":12023,"date":"2026-05-05T19:59:12","date_gmt":"2026-05-05T17:59:12","guid":{"rendered":"https:\/\/shop.erdexim.de\/product\/servomotor-siemens-1fk6101-8af71-1ah0\/"},"modified":"2026-05-05T17:59:12","modified_gmt":"2026-05-05T15:59:12","slug":"servomotor-siemens-1fk6101-8af71-1ah0","status":"publish","type":"product","link":"https:\/\/shop.erdexim.de\/en\/product\/servomotor-siemens-1fk6101-8af71-1ah0\/","title":{"rendered":"Servomotor Siemens 1FK6101-8AF71-1AH0"},"content":{"rendered":"<p>Modell \/ Typ: 1FK6101-8AF71-1AH0<br \/>\nHerkunftsland: Deutschland<br \/>\nHersteller: Siemens<br \/>\nGewicht: 25,0 kg<br \/>\nAbmessungen: 350 \u00d7 350 \u00d7 550 mm<br \/>\nZustand: gebraucht, gepr\u00fcft, voll funktionsf\u00e4hig<br \/>\nPreis ohne MwSt.<br \/>\nZusatzinformation: Servomotor mit Nenndrehmoment 15,5 Nm, max. Drehzahl 4300\/min, mit Haltebremse 24V und Encoder I-2048, Schutzart IP64<\/p>","protected":false},"excerpt":{"rendered":"<p>Modell \/ Typ: 1FK6101-8AF71-1AH0 Herkunftsland: Deutschland Hersteller: Siemens Gewicht: 25,0 kg Abmessungen: 350 \u00d7 350 \u00d7 550 mm Zustand: gebraucht, gepr\u00fcft, voll funktionsf\u00e4hig Preis ohne MwSt. Zusatzinformation: Servomotor mit Nenndrehmoment 15,5 Nm, max. Drehzahl 4300\/min, mit Haltebremse 24V und Encoder I-2048, Schutzart IP64<\/p>","protected":false},"featured_media":12019,"comment_status":"closed","ping_status":"closed","template":"","meta":[],"product_brand":[],"product_cat":[414],"product_tag":[],"class_list":{"0":"post-12023","1":"product","2":"type-product","3":"status-publish","4":"has-post-thumbnail","6":"product_cat-motoren","8":"first","9":"instock","10":"taxable","11":"shipping-taxable","12":"purchasable","13":"product-type-simple"},"jetpack_sharing_enabled":true,"_links":{"self":[{"href":"https:\/\/shop.erdexim.de\/en\/wp-json\/wp\/v2\/product\/12023","targetHints":{"allow":["GET"]}}],"collection":[{"href":"https:\/\/shop.erdexim.de\/en\/wp-json\/wp\/v2\/product"}],"about":[{"href":"https:\/\/shop.erdexim.de\/en\/wp-json\/wp\/v2\/types\/product"}],"replies":[{"embeddable":true,"href":"https:\/\/shop.erdexim.de\/en\/wp-json\/wp\/v2\/comments?post=12023"}],"wp:featuredmedia":[{"embeddable":true,"href":"https:\/\/shop.erdexim.de\/en\/wp-json\/wp\/v2\/media\/12019"}],"wp:attachment":[{"href":"https:\/\/shop.erdexim.de\/en\/wp-json\/wp\/v2\/media?parent=12023"}],"wp:term":[{"taxonomy":"product_brand","embeddable":true,"href":"https:\/\/shop.erdexim.de\/en\/wp-json\/wp\/v2\/product_brand?post=12023"},{"taxonomy":"product_cat","embeddable":true,"href":"https:\/\/shop.erdexim.de\/en\/wp-json\/wp\/v2\/product_cat?post=12023"},{"taxonomy":"product_tag","embeddable":true,"href":"https:\/\/shop.erdexim.de\/en\/wp-json\/wp\/v2\/product_tag?post=12023"}],"curies":[{"name":"wp","href":"https:\/\/api.w.org\/{rel}","templated":true}]}}