{"id":12060,"date":"2026-05-05T19:59:27","date_gmt":"2026-05-05T17:59:27","guid":{"rendered":"https:\/\/shop.erdexim.de\/product\/ac-servomotor-fanuc-%ce%b1m9-3000hv\/"},"modified":"2026-05-05T17:59:27","modified_gmt":"2026-05-05T15:59:27","slug":"ac-servomotor-fanuc-%ce%b1m9-3000hv","status":"publish","type":"product","link":"https:\/\/shop.erdexim.de\/en\/product\/ac-servomotor-fanuc-%ce%b1m9-3000hv\/","title":{"rendered":"AC Servomotor Fanuc \u03b1M9\/3000HV"},"content":{"rendered":"<p>Modell \/ Typ: \u03b1M9\/3000HV<br \/>\nHerkunftsland: Japan<br \/>\nHersteller: Fanuc<br \/>\nGewicht: 20,0 kg<br \/>\nAbmessungen: 500 \u00d7 250 \u00d7 200 mm<br \/>\nZustand: gebraucht, gepr\u00fcft, voll funktionsf\u00e4hig<br \/>\nPreis ohne MwSt.<br \/>\nZusatzinformation: AC Servomotor, Leistung 1,8 kW, Drehzahl 3000 U\/min, Spannung 289 V, Strom 3,8 A, Frequenz 200 Hz, 3-Phasen, Inverterbetrieb<\/p>","protected":false},"excerpt":{"rendered":"<p>Modell \/ Typ: \u03b1M9\/3000HV Herkunftsland: Japan Hersteller: Fanuc Gewicht: 20,0 kg Abmessungen: 500 \u00d7 250 \u00d7 200 mm Zustand: gebraucht, gepr\u00fcft, voll funktionsf\u00e4hig Preis ohne MwSt. Zusatzinformation: AC Servomotor, Leistung 1,8 kW, Drehzahl 3000 U\/min, Spannung 289 V, Strom 3,8 A, Frequenz 200 Hz, 3-Phasen, Inverterbetrieb<\/p>","protected":false},"featured_media":12056,"comment_status":"closed","ping_status":"closed","template":"","meta":[],"product_brand":[],"product_cat":[414],"product_tag":[],"class_list":{"0":"post-12060","1":"product","2":"type-product","3":"status-publish","4":"has-post-thumbnail","6":"product_cat-motoren","8":"first","9":"instock","10":"taxable","11":"shipping-taxable","12":"purchasable","13":"product-type-simple"},"jetpack_sharing_enabled":true,"_links":{"self":[{"href":"https:\/\/shop.erdexim.de\/en\/wp-json\/wp\/v2\/product\/12060","targetHints":{"allow":["GET"]}}],"collection":[{"href":"https:\/\/shop.erdexim.de\/en\/wp-json\/wp\/v2\/product"}],"about":[{"href":"https:\/\/shop.erdexim.de\/en\/wp-json\/wp\/v2\/types\/product"}],"replies":[{"embeddable":true,"href":"https:\/\/shop.erdexim.de\/en\/wp-json\/wp\/v2\/comments?post=12060"}],"wp:featuredmedia":[{"embeddable":true,"href":"https:\/\/shop.erdexim.de\/en\/wp-json\/wp\/v2\/media\/12056"}],"wp:attachment":[{"href":"https:\/\/shop.erdexim.de\/en\/wp-json\/wp\/v2\/media?parent=12060"}],"wp:term":[{"taxonomy":"product_brand","embeddable":true,"href":"https:\/\/shop.erdexim.de\/en\/wp-json\/wp\/v2\/product_brand?post=12060"},{"taxonomy":"product_cat","embeddable":true,"href":"https:\/\/shop.erdexim.de\/en\/wp-json\/wp\/v2\/product_cat?post=12060"},{"taxonomy":"product_tag","embeddable":true,"href":"https:\/\/shop.erdexim.de\/en\/wp-json\/wp\/v2\/product_tag?post=12060"}],"curies":[{"name":"wp","href":"https:\/\/api.w.org\/{rel}","templated":true}]}}