{"id":12106,"date":"2026-05-05T19:59:54","date_gmt":"2026-05-05T17:59:54","guid":{"rendered":"https:\/\/shop.erdexim.de\/product\/wittmann-battenfeld-airmould-bediengeraet-handterminal\/"},"modified":"2026-05-05T17:59:55","modified_gmt":"2026-05-05T15:59:55","slug":"wittmann-battenfeld-airmould-bediengeraet-handterminal","status":"publish","type":"product","link":"https:\/\/shop.erdexim.de\/en\/product\/wittmann-battenfeld-airmould-bediengeraet-handterminal\/","title":{"rendered":"Wittmann Battenfeld Airmould Bedienger\u00e4t Handterminal"},"content":{"rendered":"<p>Wittmann Battenfeld Airmould Bedienger\u00e4t Handterminal<br \/>\nModell \/ Typ: Airmould<br \/>\nHerkunftsland: \u00d6sterreich<br \/>\nHersteller: Wittmann Battenfeld<br \/>\nGewicht: ca. 0,2 kg<br \/>\nAbmessungen: 150 \u00d7 100 \u00d7 100 mm<br \/>\nZustand: neu<br \/>\nPreis ohne MwSt.<br \/>\nZusatzinformation: Bedienger\u00e4t f\u00fcr Airmould-System mit Display und Tastenfeld, inklusive Anschlusskabel, geeignet f\u00fcr Kunststoff-Spritzgussmaschinen<\/p>","protected":false},"excerpt":{"rendered":"<p>Wittmann Battenfeld Airmould Bedienger\u00e4t Handterminal Modell \/ Typ: Airmould Herkunftsland: \u00d6sterreich Hersteller: Wittmann Battenfeld Gewicht: ca. 0,2 kg Abmessungen: 150 \u00d7 100 \u00d7 100 mm Zustand: neu Preis ohne MwSt. Zusatzinformation: Bedienger\u00e4t f\u00fcr Airmould-System mit Display und Tastenfeld, inklusive Anschlusskabel, geeignet f\u00fcr Kunststoff-Spritzgussmaschinen<\/p>","protected":false},"featured_media":12101,"comment_status":"closed","ping_status":"closed","template":"","meta":[],"product_brand":[],"product_cat":[392],"product_tag":[],"class_list":{"0":"post-12106","1":"product","2":"type-product","3":"status-publish","4":"has-post-thumbnail","6":"product_cat-cnc-steuerungen","8":"first","9":"instock","10":"taxable","11":"shipping-taxable","12":"purchasable","13":"product-type-simple"},"jetpack_sharing_enabled":true,"_links":{"self":[{"href":"https:\/\/shop.erdexim.de\/en\/wp-json\/wp\/v2\/product\/12106","targetHints":{"allow":["GET"]}}],"collection":[{"href":"https:\/\/shop.erdexim.de\/en\/wp-json\/wp\/v2\/product"}],"about":[{"href":"https:\/\/shop.erdexim.de\/en\/wp-json\/wp\/v2\/types\/product"}],"replies":[{"embeddable":true,"href":"https:\/\/shop.erdexim.de\/en\/wp-json\/wp\/v2\/comments?post=12106"}],"wp:featuredmedia":[{"embeddable":true,"href":"https:\/\/shop.erdexim.de\/en\/wp-json\/wp\/v2\/media\/12101"}],"wp:attachment":[{"href":"https:\/\/shop.erdexim.de\/en\/wp-json\/wp\/v2\/media?parent=12106"}],"wp:term":[{"taxonomy":"product_brand","embeddable":true,"href":"https:\/\/shop.erdexim.de\/en\/wp-json\/wp\/v2\/product_brand?post=12106"},{"taxonomy":"product_cat","embeddable":true,"href":"https:\/\/shop.erdexim.de\/en\/wp-json\/wp\/v2\/product_cat?post=12106"},{"taxonomy":"product_tag","embeddable":true,"href":"https:\/\/shop.erdexim.de\/en\/wp-json\/wp\/v2\/product_tag?post=12106"}],"curies":[{"name":"wp","href":"https:\/\/api.w.org\/{rel}","templated":true}]}}