{"id":12251,"date":"2026-05-05T20:00:50","date_gmt":"2026-05-05T18:00:50","guid":{"rendered":"https:\/\/shop.erdexim.de\/product\/druckpruefgeraet-hydac-fpu-1-250-f25-a3\/"},"modified":"2026-05-05T18:00:50","modified_gmt":"2026-05-05T16:00:50","slug":"druckpruefgeraet-hydac-fpu-1-250-f25-a3","status":"publish","type":"product","link":"https:\/\/shop.erdexim.de\/en\/product\/druckpruefgeraet-hydac-fpu-1-250-f25-a3\/","title":{"rendered":"Druckpr\u00fcfger\u00e4t Hydac FPU-1-250 F2,5 A3"},"content":{"rendered":"<p>Modell \/ Typ: FPU-1-250 F2,5 A3<br \/>\nHerkunftsland: Deutschland<br \/>\nHersteller: Hydac<br \/>\nGewicht: 0,1 kg<br \/>\nAbmessungen: 120 \u00d7 80 \u00d7 80 mm<br \/>\nZustand: gebraucht, gepr\u00fcft, funktionsf\u00e4hig<br \/>\nPreis ohne MwSt.<br \/>\nZusatzinformation: Pr\u00fcfger\u00e4t mit Manometer bis 250 bar, geeignet f\u00fcr Hydrauliksysteme<\/p>","protected":false},"excerpt":{"rendered":"<p>Modell \/ Typ: FPU-1-250 F2,5 A3 Herkunftsland: Deutschland Hersteller: Hydac Gewicht: 0,1 kg Abmessungen: 120 \u00d7 80 \u00d7 80 mm Zustand: gebraucht, gepr\u00fcft, funktionsf\u00e4hig Preis ohne MwSt. Zusatzinformation: Pr\u00fcfger\u00e4t mit Manometer bis 250 bar, geeignet f\u00fcr Hydrauliksysteme<\/p>","protected":false},"featured_media":12245,"comment_status":"closed","ping_status":"closed","template":"","meta":[],"product_brand":[],"product_cat":[398],"product_tag":[],"class_list":{"0":"post-12251","1":"product","2":"type-product","3":"status-publish","4":"has-post-thumbnail","6":"product_cat-messtechnik","8":"first","9":"instock","10":"taxable","11":"shipping-taxable","12":"purchasable","13":"product-type-simple"},"jetpack_sharing_enabled":true,"_links":{"self":[{"href":"https:\/\/shop.erdexim.de\/en\/wp-json\/wp\/v2\/product\/12251","targetHints":{"allow":["GET"]}}],"collection":[{"href":"https:\/\/shop.erdexim.de\/en\/wp-json\/wp\/v2\/product"}],"about":[{"href":"https:\/\/shop.erdexim.de\/en\/wp-json\/wp\/v2\/types\/product"}],"replies":[{"embeddable":true,"href":"https:\/\/shop.erdexim.de\/en\/wp-json\/wp\/v2\/comments?post=12251"}],"wp:featuredmedia":[{"embeddable":true,"href":"https:\/\/shop.erdexim.de\/en\/wp-json\/wp\/v2\/media\/12245"}],"wp:attachment":[{"href":"https:\/\/shop.erdexim.de\/en\/wp-json\/wp\/v2\/media?parent=12251"}],"wp:term":[{"taxonomy":"product_brand","embeddable":true,"href":"https:\/\/shop.erdexim.de\/en\/wp-json\/wp\/v2\/product_brand?post=12251"},{"taxonomy":"product_cat","embeddable":true,"href":"https:\/\/shop.erdexim.de\/en\/wp-json\/wp\/v2\/product_cat?post=12251"},{"taxonomy":"product_tag","embeddable":true,"href":"https:\/\/shop.erdexim.de\/en\/wp-json\/wp\/v2\/product_tag?post=12251"}],"curies":[{"name":"wp","href":"https:\/\/api.w.org\/{rel}","templated":true}]}}