{"id":7097,"date":"2025-12-01T09:26:04","date_gmt":"2025-12-01T08:26:04","guid":{"rendered":"https:\/\/shop.erdexim.de\/product\/weldon-aufnahme-sk40-12x50\/"},"modified":"2026-05-07T12:23:29","modified_gmt":"2026-05-07T10:23:29","slug":"weldon-aufnahme-sk40-12x50","status":"publish","type":"product","link":"https:\/\/shop.erdexim.de\/en\/product\/weldon-aufnahme-sk40-12x50\/","title":{"rendered":"Weldon-Aufnahme SK40 12\u00d750"},"content":{"rendered":"<p>Modell \/ Typ: SK40<br \/>\nHerkunftsland: Deutschland<br \/>\nHersteller: Haimer \/ Garant \/ G\u00fchring<br \/>\nGewicht: 1,03 kg<br \/>\nAbmessungen: 120 \u00d7 65 \u00d7 60 mm<br \/>\nZustand: gebraucht, gepr\u00fcft, voll funktionsf\u00e4hig<br \/>\nPreis ohne MwSt.<br \/>\nZusatzinformation: Weldon-Aufnahme mit \u00d812 \u00d7 50 mm<\/p>","protected":false},"excerpt":{"rendered":"<p>Modell \/ Typ: SK40 Herkunftsland: Deutschland Hersteller: Haimer \/ Garant \/ G\u00fchring Gewicht: 1,03 kg Abmessungen: 120 \u00d7 65 \u00d7 60 mm Zustand: gebraucht, gepr\u00fcft, voll funktionsf\u00e4hig Preis ohne MwSt. Zusatzinformation: Weldon-Aufnahme mit \u00d812 \u00d7 50 mm<\/p>","protected":false},"featured_media":7088,"comment_status":"closed","ping_status":"closed","template":"","meta":[],"product_brand":[],"product_cat":[449],"product_tag":[],"class_list":{"0":"post-7097","1":"product","2":"type-product","3":"status-publish","4":"has-post-thumbnail","6":"product_cat-werkzeuge","8":"first","9":"instock","10":"taxable","11":"shipping-taxable","12":"purchasable","13":"product-type-simple"},"jetpack_sharing_enabled":true,"_links":{"self":[{"href":"https:\/\/shop.erdexim.de\/en\/wp-json\/wp\/v2\/product\/7097","targetHints":{"allow":["GET"]}}],"collection":[{"href":"https:\/\/shop.erdexim.de\/en\/wp-json\/wp\/v2\/product"}],"about":[{"href":"https:\/\/shop.erdexim.de\/en\/wp-json\/wp\/v2\/types\/product"}],"replies":[{"embeddable":true,"href":"https:\/\/shop.erdexim.de\/en\/wp-json\/wp\/v2\/comments?post=7097"}],"wp:featuredmedia":[{"embeddable":true,"href":"https:\/\/shop.erdexim.de\/en\/wp-json\/wp\/v2\/media\/7088"}],"wp:attachment":[{"href":"https:\/\/shop.erdexim.de\/en\/wp-json\/wp\/v2\/media?parent=7097"}],"wp:term":[{"taxonomy":"product_brand","embeddable":true,"href":"https:\/\/shop.erdexim.de\/en\/wp-json\/wp\/v2\/product_brand?post=7097"},{"taxonomy":"product_cat","embeddable":true,"href":"https:\/\/shop.erdexim.de\/en\/wp-json\/wp\/v2\/product_cat?post=7097"},{"taxonomy":"product_tag","embeddable":true,"href":"https:\/\/shop.erdexim.de\/en\/wp-json\/wp\/v2\/product_tag?post=7097"}],"curies":[{"name":"wp","href":"https:\/\/api.w.org\/{rel}","templated":true}]}}