{"id":7126,"date":"2025-12-01T09:26:06","date_gmt":"2025-12-01T08:26:06","guid":{"rendered":"https:\/\/shop.erdexim.de\/product\/schrumpf-aufnahme-sk40-25x100\/"},"modified":"2026-05-07T12:23:37","modified_gmt":"2026-05-07T10:23:37","slug":"schrumpf-aufnahme-sk40-25x100","status":"publish","type":"product","link":"https:\/\/shop.erdexim.de\/en\/product\/schrumpf-aufnahme-sk40-25x100\/","title":{"rendered":"Schrumpf-Aufnahme  SK40 25\u00d7100"},"content":{"rendered":"<p>Modell \/ Typ: SK40 \u00d825\u00d7100<br \/>\nHerkunftsland: Deutschland<br \/>\nHersteller: Haimer \/ Garant \/ G\u00fchring<br \/>\nGewicht: 1,67 kg<br \/>\nAbmessungen: 170 \u00d7 65 \u00d7 60 mm<br \/>\nZustand: gebraucht, gepr\u00fcft, funktionsf\u00e4hig<br \/>\nPreis ohne MwSt.<br \/>\nZusatzinformation: Schrumpf-Aufnahme \u00d825 \u00d7 100 mm<\/p>","protected":false},"excerpt":{"rendered":"<p>Modell \/ Typ: SK40 \u00d825\u00d7100 Herkunftsland: Deutschland Hersteller: Haimer \/ Garant \/ G\u00fchring Gewicht: 1,67 kg Abmessungen: 170 \u00d7 65 \u00d7 60 mm Zustand: gebraucht, gepr\u00fcft, funktionsf\u00e4hig Preis ohne MwSt. Zusatzinformation: Schrumpf-Aufnahme \u00d825 \u00d7 100 mm<\/p>","protected":false},"featured_media":7119,"comment_status":"closed","ping_status":"closed","template":"","meta":[],"product_brand":[],"product_cat":[449],"product_tag":[],"class_list":{"0":"post-7126","1":"product","2":"type-product","3":"status-publish","4":"has-post-thumbnail","6":"product_cat-werkzeuge","8":"first","9":"outofstock","10":"taxable","11":"shipping-taxable","12":"purchasable","13":"product-type-simple"},"jetpack_sharing_enabled":true,"_links":{"self":[{"href":"https:\/\/shop.erdexim.de\/en\/wp-json\/wp\/v2\/product\/7126","targetHints":{"allow":["GET"]}}],"collection":[{"href":"https:\/\/shop.erdexim.de\/en\/wp-json\/wp\/v2\/product"}],"about":[{"href":"https:\/\/shop.erdexim.de\/en\/wp-json\/wp\/v2\/types\/product"}],"replies":[{"embeddable":true,"href":"https:\/\/shop.erdexim.de\/en\/wp-json\/wp\/v2\/comments?post=7126"}],"wp:featuredmedia":[{"embeddable":true,"href":"https:\/\/shop.erdexim.de\/en\/wp-json\/wp\/v2\/media\/7119"}],"wp:attachment":[{"href":"https:\/\/shop.erdexim.de\/en\/wp-json\/wp\/v2\/media?parent=7126"}],"wp:term":[{"taxonomy":"product_brand","embeddable":true,"href":"https:\/\/shop.erdexim.de\/en\/wp-json\/wp\/v2\/product_brand?post=7126"},{"taxonomy":"product_cat","embeddable":true,"href":"https:\/\/shop.erdexim.de\/en\/wp-json\/wp\/v2\/product_cat?post=7126"},{"taxonomy":"product_tag","embeddable":true,"href":"https:\/\/shop.erdexim.de\/en\/wp-json\/wp\/v2\/product_tag?post=7126"}],"curies":[{"name":"wp","href":"https:\/\/api.w.org\/{rel}","templated":true}]}}