{"id":7135,"date":"2025-12-01T00:53:28","date_gmt":"2025-11-30T23:53:28","guid":{"rendered":"https:\/\/shop.erdexim.de\/product\/wohlhaupter-adapter-sk40-28x47\/"},"modified":"2026-04-23T18:32:11","modified_gmt":"2026-04-23T16:32:11","slug":"wohlhaupter-adapter-sk40-28x47","status":"publish","type":"product","link":"https:\/\/shop.erdexim.de\/en\/product\/wohlhaupter-adapter-sk40-28x47\/","title":{"rendered":"Wohlhaupter-Adapter  SK40 28\u00d747"},"content":{"rendered":"<p>Modell \/ Typ: SK40<br \/>\nHerkunftsland: Deutschland<br \/>\nHersteller: Haimer \/ Garant \/ G\u00fchring<br \/>\nGewicht: 1,07 kg<br \/>\nAbmessungen: 118 \u00d7 65 \u00d7 60 mm<br \/>\nZustand: gebraucht, gepr\u00fcft, funktionsf\u00e4hig<br \/>\nPreis ohne MwSt.<br \/>\nZusatzinformation: Aufnahme \u00d828 \u00d7 47 mm<\/p>","protected":false},"excerpt":{"rendered":"<p>Modell \/ Typ: SK40 Herkunftsland: Deutschland Hersteller: Haimer \/ Garant \/ G\u00fchring Gewicht: 1,07 kg Abmessungen: 118 \u00d7 65 \u00d7 60 mm Zustand: gebraucht, gepr\u00fcft, funktionsf\u00e4hig Preis ohne MwSt. Zusatzinformation: Aufnahme \u00d828 \u00d7 47 mm<\/p>","protected":false},"featured_media":7127,"comment_status":"closed","ping_status":"closed","template":"","meta":[],"product_brand":[],"product_cat":[449],"product_tag":[],"class_list":{"0":"post-7135","1":"product","2":"type-product","3":"status-publish","4":"has-post-thumbnail","6":"product_cat-werkzeuge","8":"first","9":"instock","10":"taxable","11":"shipping-taxable","12":"purchasable","13":"product-type-simple"},"jetpack_sharing_enabled":true,"_links":{"self":[{"href":"https:\/\/shop.erdexim.de\/en\/wp-json\/wp\/v2\/product\/7135","targetHints":{"allow":["GET"]}}],"collection":[{"href":"https:\/\/shop.erdexim.de\/en\/wp-json\/wp\/v2\/product"}],"about":[{"href":"https:\/\/shop.erdexim.de\/en\/wp-json\/wp\/v2\/types\/product"}],"replies":[{"embeddable":true,"href":"https:\/\/shop.erdexim.de\/en\/wp-json\/wp\/v2\/comments?post=7135"}],"wp:featuredmedia":[{"embeddable":true,"href":"https:\/\/shop.erdexim.de\/en\/wp-json\/wp\/v2\/media\/7127"}],"wp:attachment":[{"href":"https:\/\/shop.erdexim.de\/en\/wp-json\/wp\/v2\/media?parent=7135"}],"wp:term":[{"taxonomy":"product_brand","embeddable":true,"href":"https:\/\/shop.erdexim.de\/en\/wp-json\/wp\/v2\/product_brand?post=7135"},{"taxonomy":"product_cat","embeddable":true,"href":"https:\/\/shop.erdexim.de\/en\/wp-json\/wp\/v2\/product_cat?post=7135"},{"taxonomy":"product_tag","embeddable":true,"href":"https:\/\/shop.erdexim.de\/en\/wp-json\/wp\/v2\/product_tag?post=7135"}],"curies":[{"name":"wp","href":"https:\/\/api.w.org\/{rel}","templated":true}]}}