{"id":7270,"date":"2025-12-01T09:26:23","date_gmt":"2025-12-01T08:26:23","guid":{"rendered":"https:\/\/shop.erdexim.de\/product\/weldon-aufnahme-bt40-8x50\/"},"modified":"2026-04-23T18:32:53","modified_gmt":"2026-04-23T16:32:53","slug":"weldon-aufnahme-bt40-8x50","status":"publish","type":"product","link":"https:\/\/shop.erdexim.de\/en\/product\/weldon-aufnahme-bt40-8x50\/","title":{"rendered":"Weldon-Aufnahme BT40 8\u00d750"},"content":{"rendered":"<p>Modell \/ Typ: BT40<br \/>\nHerkunftsland: Deutschland<br \/>\nHersteller: Haimer \/ Z\u00fcrn \/ Nikken<br \/>\nGewicht: ca. 1,1 kg<br \/>\nAbmessungen: 140 \u00d7 60 \u00d7 60 mm<br \/>\nZustand: gebraucht, gepr\u00fcft, voll funktionsf\u00e4hig<br \/>\nPreis ohne MwSt.<br \/>\nZusatzinformation: Hochpr\u00e4zise Weldon-Aufnahme mit \u00d88 mm Spannbohrung und Spannl\u00e4nge 50 mm, geeignet f\u00fcr BT40-Spindeln.<\/p>","protected":false},"excerpt":{"rendered":"<p>Modell \/ Typ: BT40 Herkunftsland: Deutschland Hersteller: Haimer \/ Z\u00fcrn \/ Nikken Gewicht: ca. 1,1 kg Abmessungen: 140 \u00d7 60 \u00d7 60 mm Zustand: gebraucht, gepr\u00fcft, voll funktionsf\u00e4hig Preis ohne MwSt. Zusatzinformation: Hochpr\u00e4zise Weldon-Aufnahme mit \u00d88 mm Spannbohrung und Spannl\u00e4nge 50 mm, geeignet f\u00fcr BT40-Spindeln.<\/p>","protected":false},"featured_media":7265,"comment_status":"closed","ping_status":"closed","template":"","meta":[],"product_brand":[],"product_cat":[449],"product_tag":[],"class_list":{"0":"post-7270","1":"product","2":"type-product","3":"status-publish","4":"has-post-thumbnail","6":"product_cat-werkzeuge","8":"first","9":"instock","10":"taxable","11":"shipping-taxable","12":"purchasable","13":"product-type-simple"},"jetpack_sharing_enabled":true,"_links":{"self":[{"href":"https:\/\/shop.erdexim.de\/en\/wp-json\/wp\/v2\/product\/7270","targetHints":{"allow":["GET"]}}],"collection":[{"href":"https:\/\/shop.erdexim.de\/en\/wp-json\/wp\/v2\/product"}],"about":[{"href":"https:\/\/shop.erdexim.de\/en\/wp-json\/wp\/v2\/types\/product"}],"replies":[{"embeddable":true,"href":"https:\/\/shop.erdexim.de\/en\/wp-json\/wp\/v2\/comments?post=7270"}],"wp:featuredmedia":[{"embeddable":true,"href":"https:\/\/shop.erdexim.de\/en\/wp-json\/wp\/v2\/media\/7265"}],"wp:attachment":[{"href":"https:\/\/shop.erdexim.de\/en\/wp-json\/wp\/v2\/media?parent=7270"}],"wp:term":[{"taxonomy":"product_brand","embeddable":true,"href":"https:\/\/shop.erdexim.de\/en\/wp-json\/wp\/v2\/product_brand?post=7270"},{"taxonomy":"product_cat","embeddable":true,"href":"https:\/\/shop.erdexim.de\/en\/wp-json\/wp\/v2\/product_cat?post=7270"},{"taxonomy":"product_tag","embeddable":true,"href":"https:\/\/shop.erdexim.de\/en\/wp-json\/wp\/v2\/product_tag?post=7270"}],"curies":[{"name":"wp","href":"https:\/\/api.w.org\/{rel}","templated":true}]}}