{"id":7391,"date":"2025-12-01T09:26:51","date_gmt":"2025-12-01T08:26:51","guid":{"rendered":"https:\/\/shop.erdexim.de\/product\/hydraulikaggregat-mit-elektromotor-und-oelbehaelter\/"},"modified":"2026-03-24T18:02:00","modified_gmt":"2026-03-24T17:02:00","slug":"hydraulikaggregat-mit-elektromotor-und-oelbehaelter","status":"publish","type":"product","link":"https:\/\/shop.erdexim.de\/en\/product\/hydraulikaggregat-mit-elektromotor-und-oelbehaelter\/","title":{"rendered":"Hydraulikaggregat mit Elektromotor und \u00d6lbeh\u00e4lter"},"content":{"rendered":"<p>Name: Hydraulikaggregat mit Elektromotor und \u00d6lbeh\u00e4lter<br \/>\nHersteller: HYDAC (Motor von Elprom S.R.L.)<br \/>\nTyp: 80C4 3030923<br \/>\nKurze Beschreibung:<br \/>\nKompaktes Hydraulikaggregat bestehend aus einem Elektromotor von Elprom (Typ 80C4), montiert auf einem HYDAC-\u00d6lbeh\u00e4lter mit integriertem Hydraulikblock. Geeignet f\u00fcr hydraulische Anwendungen in Werkzeugmaschinen oder Industrieanlagen. Leistung: 1,1\u20131,3 kW bei 230\/400 V, 50 Hz. Schutzart IP54.<\/p>","protected":false},"excerpt":{"rendered":"<p>Name: Hydraulikaggregat mit Elektromotor und \u00d6lbeh\u00e4lter Hersteller: HYDAC (Motor von Elprom S.R.L.) Typ: 80C4 3030923 Kurze Beschreibung: Kompaktes Hydraulikaggregat bestehend aus einem Elektromotor von Elprom (Typ 80C4), montiert auf einem HYDAC-\u00d6lbeh\u00e4lter mit integriertem Hydraulikblock. Geeignet f\u00fcr hydraulische Anwendungen in Werkzeugmaschinen oder Industrieanlagen. Leistung: 1,1\u20131,3 kW bei 230\/400 V, 50 Hz. Schutzart IP54.<\/p>","protected":false},"featured_media":7383,"comment_status":"closed","ping_status":"closed","template":"","meta":[],"product_brand":[],"product_cat":[399],"product_tag":[],"class_list":{"0":"post-7391","1":"product","2":"type-product","3":"status-publish","4":"has-post-thumbnail","6":"product_cat-drehgeber","8":"first","9":"instock","10":"taxable","11":"shipping-taxable","12":"purchasable","13":"product-type-simple"},"jetpack_sharing_enabled":true,"_links":{"self":[{"href":"https:\/\/shop.erdexim.de\/en\/wp-json\/wp\/v2\/product\/7391","targetHints":{"allow":["GET"]}}],"collection":[{"href":"https:\/\/shop.erdexim.de\/en\/wp-json\/wp\/v2\/product"}],"about":[{"href":"https:\/\/shop.erdexim.de\/en\/wp-json\/wp\/v2\/types\/product"}],"replies":[{"embeddable":true,"href":"https:\/\/shop.erdexim.de\/en\/wp-json\/wp\/v2\/comments?post=7391"}],"wp:featuredmedia":[{"embeddable":true,"href":"https:\/\/shop.erdexim.de\/en\/wp-json\/wp\/v2\/media\/7383"}],"wp:attachment":[{"href":"https:\/\/shop.erdexim.de\/en\/wp-json\/wp\/v2\/media?parent=7391"}],"wp:term":[{"taxonomy":"product_brand","embeddable":true,"href":"https:\/\/shop.erdexim.de\/en\/wp-json\/wp\/v2\/product_brand?post=7391"},{"taxonomy":"product_cat","embeddable":true,"href":"https:\/\/shop.erdexim.de\/en\/wp-json\/wp\/v2\/product_cat?post=7391"},{"taxonomy":"product_tag","embeddable":true,"href":"https:\/\/shop.erdexim.de\/en\/wp-json\/wp\/v2\/product_tag?post=7391"}],"curies":[{"name":"wp","href":"https:\/\/api.w.org\/{rel}","templated":true}]}}