{"id":7406,"date":"2025-12-01T09:26:52","date_gmt":"2025-12-01T08:26:52","guid":{"rendered":"https:\/\/shop.erdexim.de\/product\/hurco-cnc-control-unit-cnc-steuerungseinheit-steuergeraet\/"},"modified":"2026-03-24T18:01:54","modified_gmt":"2026-03-24T17:01:54","slug":"hurco-cnc-control-unit-cnc-steuerungseinheit-steuergeraet","status":"publish","type":"product","link":"https:\/\/shop.erdexim.de\/en\/product\/hurco-cnc-control-unit-cnc-steuerungseinheit-steuergeraet\/","title":{"rendered":"HURCO CNC Control Unit CNC-Steuerungseinheit \/ Steuerger\u00e4t"},"content":{"rendered":"<p>Name:<br \/>\nCNC-Steuerungseinheit \/ Steuerger\u00e4t<br \/>\nName: HURCO CNC Control Unit<br \/>\nHersteller: HURCO Companies, Inc. (USA)<br \/>\nSeriennummer: U4M01003112D<br \/>\nTyp: Steuerungseinheit \/ Control Kit<br \/>\nAbmessungen (gesch\u00e4tzt): ca. 440\u202f\u00d7\u202f360\u202f\u00d7\u202f160\u202fmm<br \/>\nGewicht: ca. 15\u202fkg<br \/>\nLand: USA<br \/>\nKurze Beschreibung:<br \/>\nHURCO Steuerungseinheit mit mehreren Steckkarten, darunter RAM- und Interface-Boards sowie Anschl\u00fcsse f\u00fcr COM, I\/O und weitere Schnittstellen. Das Ger\u00e4t ist f\u00fcr den industriellen Einsatz in CNC-Fr\u00e4smaschinen oder Bearbeitungszentren konzipiert. Das robuste Aluminiumgeh\u00e4use verf\u00fcgt \u00fcber zwei aktive L\u00fcfter zur internen K\u00fchlung sowie \u00fcber zahlreiche I\/O-Ports (Sub-D und Centronics). Auf der Front- und R\u00fcckseite befinden sich mehrere Signalanschl\u00fcsse sowie interne Erweiterungsslots f\u00fcr zus\u00e4tzliche Module.<\/p>","protected":false},"excerpt":{"rendered":"<p>Name: CNC-Steuerungseinheit \/ Steuerger\u00e4t Name: HURCO CNC Control Unit Hersteller: HURCO Companies, Inc. (USA) Seriennummer: U4M01003112D Typ: Steuerungseinheit \/ Control Kit Abmessungen (gesch\u00e4tzt): ca. 440\u202f\u00d7\u202f360\u202f\u00d7\u202f160\u202fmm Gewicht: ca. 15\u202fkg Land: USA Kurze Beschreibung: HURCO Steuerungseinheit mit mehreren Steckkarten, darunter RAM- und Interface-Boards sowie Anschl\u00fcsse f\u00fcr COM, I\/O und weitere Schnittstellen. Das Ger\u00e4t ist f\u00fcr den industriellen<\/p>\n<div class=\"klb-readmore button\"><a class=\"btn link\" href=\"https:\/\/shop.erdexim.de\/en\/product\/hurco-cnc-control-unit-cnc-steuerungseinheit-steuergeraet\/\">Read More <i class=\"klbth-icon-right-arrow\"><\/i><\/a><\/div>","protected":false},"featured_media":7392,"comment_status":"closed","ping_status":"closed","template":"","meta":[],"product_brand":[],"product_cat":[399],"product_tag":[],"class_list":{"0":"post-7406","1":"product","2":"type-product","3":"status-publish","4":"has-post-thumbnail","6":"product_cat-drehgeber","8":"first","9":"instock","10":"taxable","11":"shipping-taxable","12":"purchasable","13":"product-type-simple"},"jetpack_sharing_enabled":true,"_links":{"self":[{"href":"https:\/\/shop.erdexim.de\/en\/wp-json\/wp\/v2\/product\/7406","targetHints":{"allow":["GET"]}}],"collection":[{"href":"https:\/\/shop.erdexim.de\/en\/wp-json\/wp\/v2\/product"}],"about":[{"href":"https:\/\/shop.erdexim.de\/en\/wp-json\/wp\/v2\/types\/product"}],"replies":[{"embeddable":true,"href":"https:\/\/shop.erdexim.de\/en\/wp-json\/wp\/v2\/comments?post=7406"}],"wp:featuredmedia":[{"embeddable":true,"href":"https:\/\/shop.erdexim.de\/en\/wp-json\/wp\/v2\/media\/7392"}],"wp:attachment":[{"href":"https:\/\/shop.erdexim.de\/en\/wp-json\/wp\/v2\/media?parent=7406"}],"wp:term":[{"taxonomy":"product_brand","embeddable":true,"href":"https:\/\/shop.erdexim.de\/en\/wp-json\/wp\/v2\/product_brand?post=7406"},{"taxonomy":"product_cat","embeddable":true,"href":"https:\/\/shop.erdexim.de\/en\/wp-json\/wp\/v2\/product_cat?post=7406"},{"taxonomy":"product_tag","embeddable":true,"href":"https:\/\/shop.erdexim.de\/en\/wp-json\/wp\/v2\/product_tag?post=7406"}],"curies":[{"name":"wp","href":"https:\/\/api.w.org\/{rel}","templated":true}]}}