{"id":7430,"date":"2025-12-01T09:26:55","date_gmt":"2025-12-01T08:26:55","guid":{"rendered":"https:\/\/shop.erdexim.de\/product\/hochspannungswiderstandseinheit-rime\/"},"modified":"2026-04-15T14:08:34","modified_gmt":"2026-04-15T12:08:34","slug":"hochspannungswiderstandseinheit-rime","status":"publish","type":"product","link":"https:\/\/shop.erdexim.de\/en\/product\/hochspannungswiderstandseinheit-rime\/","title":{"rendered":"Hochspannungswiderstandseinheit RIME"},"content":{"rendered":"<p>Name: HochspannungswiderstandseinheitHersteller: RIMEMa\u00dfe: 205 \u00d7 135 \u00d7 280 mmGewicht: 4,76 kgZustand: Gebraucht. Mit sichtbaren Gebrauchsspuren (z. B. Rost an Schrauben), aber insgesamt in gutem Zustand. Keine Br\u00fcche oder sichtbaren Defekte. Technisch nicht gepr\u00fcft.Zus\u00e4tzliche Informationen:Solide Widerstandseinheit mit vier keramisch isolierten Spulen, geeignet f\u00fcr industrielle Anwendungen im Hochspannungsbereich.<\/p>","protected":false},"excerpt":{"rendered":"<p>Name: HochspannungswiderstandseinheitHersteller: RIMEMa\u00dfe: 205 \u00d7 135 \u00d7 280 mmGewicht: 4,76 kgZustand: Gebraucht. Mit sichtbaren Gebrauchsspuren (z. B. Rost an Schrauben), aber insgesamt in gutem Zustand. Keine Br\u00fcche oder sichtbaren Defekte. Technisch nicht gepr\u00fcft.Zus\u00e4tzliche Informationen:Solide Widerstandseinheit mit vier keramisch isolierten Spulen, geeignet f\u00fcr industrielle Anwendungen im Hochspannungsbereich.<\/p>","protected":false},"featured_media":7424,"comment_status":"closed","ping_status":"closed","template":"","meta":[],"product_brand":[],"product_cat":[399],"product_tag":[],"class_list":{"0":"post-7430","1":"product","2":"type-product","3":"status-publish","4":"has-post-thumbnail","6":"product_cat-drehgeber","8":"first","9":"instock","10":"taxable","11":"shipping-taxable","12":"purchasable","13":"product-type-simple"},"jetpack_sharing_enabled":true,"_links":{"self":[{"href":"https:\/\/shop.erdexim.de\/en\/wp-json\/wp\/v2\/product\/7430","targetHints":{"allow":["GET"]}}],"collection":[{"href":"https:\/\/shop.erdexim.de\/en\/wp-json\/wp\/v2\/product"}],"about":[{"href":"https:\/\/shop.erdexim.de\/en\/wp-json\/wp\/v2\/types\/product"}],"replies":[{"embeddable":true,"href":"https:\/\/shop.erdexim.de\/en\/wp-json\/wp\/v2\/comments?post=7430"}],"wp:featuredmedia":[{"embeddable":true,"href":"https:\/\/shop.erdexim.de\/en\/wp-json\/wp\/v2\/media\/7424"}],"wp:attachment":[{"href":"https:\/\/shop.erdexim.de\/en\/wp-json\/wp\/v2\/media?parent=7430"}],"wp:term":[{"taxonomy":"product_brand","embeddable":true,"href":"https:\/\/shop.erdexim.de\/en\/wp-json\/wp\/v2\/product_brand?post=7430"},{"taxonomy":"product_cat","embeddable":true,"href":"https:\/\/shop.erdexim.de\/en\/wp-json\/wp\/v2\/product_cat?post=7430"},{"taxonomy":"product_tag","embeddable":true,"href":"https:\/\/shop.erdexim.de\/en\/wp-json\/wp\/v2\/product_tag?post=7430"}],"curies":[{"name":"wp","href":"https:\/\/api.w.org\/{rel}","templated":true}]}}