{"id":7445,"date":"2025-12-01T09:26:57","date_gmt":"2025-12-01T08:26:57","guid":{"rendered":"https:\/\/shop.erdexim.de\/product\/ac-servomotor-fanuc-japan-%ce%b1m6-3000-a06b-0162-b1100001\/"},"modified":"2025-12-01T08:26:57","modified_gmt":"2025-12-01T07:26:57","slug":"ac-servomotor-fanuc-japan-%ce%b1m6-3000-a06b-0162-b1100001","status":"publish","type":"product","link":"https:\/\/shop.erdexim.de\/en\/product\/ac-servomotor-fanuc-japan-%ce%b1m6-3000-a06b-0162-b1100001\/","title":{"rendered":"AC Servomotor FANUC (Japan) \u03b1M6\/3000, A06B-0162-B110#0001"},"content":{"rendered":"<p>Name: AC Servo Motor<br \/>\nHersteller: FANUC (Japan)<br \/>\nTyp: Modell \u03b1M6\/3000, A06B-0162-B110#0001<br \/>\nStabdurchmesser: ca. 28 mm<br \/>\nEinsatzh\u00f6he: ca. 130 mm (Abmessungen 350\u00d7170\u00d7130 mm)<br \/>\nLand: Japan<br \/>\nKurze Beschreibung: Kompakter AC-Servomotor von FANUC Modell \u03b1M6\/3000 mit einer Nennleistung von 1,4 kW, 3000 U\/min, Spannung 144 V, 3-phasig, mit integriertem Encoder. Typischer schwarzer Geh\u00e4usek\u00f6rper mit rotem Anschlusskasten. Robuste Ausf\u00fchrung f\u00fcr industrielle CNC-Maschinen. Gebrauchter Zustand, mechanisch in Ordnung, mit sichtbaren Gebrauchsspuren.<br \/>\nPreis versteht sich zzgl. MwSt.<\/p>","protected":false},"excerpt":{"rendered":"<p>Name: AC Servo Motor Hersteller: FANUC (Japan) Typ: Modell \u03b1M6\/3000, A06B-0162-B110#0001 Stabdurchmesser: ca. 28 mm Einsatzh\u00f6he: ca. 130 mm (Abmessungen 350\u00d7170\u00d7130 mm) Land: Japan Kurze Beschreibung: Kompakter AC-Servomotor von FANUC Modell \u03b1M6\/3000 mit einer Nennleistung von 1,4 kW, 3000 U\/min, Spannung 144 V, 3-phasig, mit integriertem Encoder. Typischer schwarzer Geh\u00e4usek\u00f6rper mit rotem Anschlusskasten. Robuste Ausf\u00fchrung<\/p>\n<div class=\"klb-readmore button\"><a class=\"btn link\" href=\"https:\/\/shop.erdexim.de\/en\/product\/ac-servomotor-fanuc-japan-%ce%b1m6-3000-a06b-0162-b1100001\/\">Read More <i class=\"klbth-icon-right-arrow\"><\/i><\/a><\/div>","protected":false},"featured_media":7439,"comment_status":"closed","ping_status":"closed","template":"","meta":[],"product_brand":[],"product_cat":[399],"product_tag":[],"class_list":{"0":"post-7445","1":"product","2":"type-product","3":"status-publish","4":"has-post-thumbnail","6":"product_cat-drehgeber","8":"first","9":"instock","10":"taxable","11":"shipping-taxable","12":"purchasable","13":"product-type-simple"},"jetpack_sharing_enabled":true,"_links":{"self":[{"href":"https:\/\/shop.erdexim.de\/en\/wp-json\/wp\/v2\/product\/7445","targetHints":{"allow":["GET"]}}],"collection":[{"href":"https:\/\/shop.erdexim.de\/en\/wp-json\/wp\/v2\/product"}],"about":[{"href":"https:\/\/shop.erdexim.de\/en\/wp-json\/wp\/v2\/types\/product"}],"replies":[{"embeddable":true,"href":"https:\/\/shop.erdexim.de\/en\/wp-json\/wp\/v2\/comments?post=7445"}],"wp:featuredmedia":[{"embeddable":true,"href":"https:\/\/shop.erdexim.de\/en\/wp-json\/wp\/v2\/media\/7439"}],"wp:attachment":[{"href":"https:\/\/shop.erdexim.de\/en\/wp-json\/wp\/v2\/media?parent=7445"}],"wp:term":[{"taxonomy":"product_brand","embeddable":true,"href":"https:\/\/shop.erdexim.de\/en\/wp-json\/wp\/v2\/product_brand?post=7445"},{"taxonomy":"product_cat","embeddable":true,"href":"https:\/\/shop.erdexim.de\/en\/wp-json\/wp\/v2\/product_cat?post=7445"},{"taxonomy":"product_tag","embeddable":true,"href":"https:\/\/shop.erdexim.de\/en\/wp-json\/wp\/v2\/product_tag?post=7445"}],"curies":[{"name":"wp","href":"https:\/\/api.w.org\/{rel}","templated":true}]}}