{"id":7479,"date":"2025-12-01T09:26:59","date_gmt":"2025-12-01T08:26:59","guid":{"rendered":"https:\/\/shop.erdexim.de\/product\/zentralschmiergeraet-willy-vogel\/"},"modified":"2026-03-24T18:00:10","modified_gmt":"2026-03-24T17:00:10","slug":"zentralschmiergeraet-willy-vogel","status":"publish","type":"product","link":"https:\/\/shop.erdexim.de\/en\/product\/zentralschmiergeraet-willy-vogel\/","title":{"rendered":"Zentralschmierger\u00e4t Willy Vogel"},"content":{"rendered":"<p>Name: Zentralschmierger\u00e4t<br \/>\nHersteller: Willy Vogel<br \/>\nTyp: 122 049 304<br \/>\nMa\u00dfe: ca. 310\u00d7210\u00d7240 mm<br \/>\nGewicht: ca. 3,8 kg<br \/>\nSpannung: 110\/220 V, 50\/60 Hz<br \/>\nLeistung: F\u00f6rdermenge 0,1 l\/min bei 15 bar<br \/>\nTankinhalt: 2,7 Liter<br \/>\nLand: Deutschland<br \/>\nKurze Beschreibung: Kompaktes automatisches Zentralschmiersystem von Willy Vogel mit robustem Kunststofftank und integriertem Steuerungssystem. Ausgelegt f\u00fcr den industriellen Einsatz, erm\u00f6glicht pr\u00e4zise Schmierung bei gleichbleibendem Druck. Transparentes Geh\u00e4use zur F\u00fcllstandskontrolle, mehrfacher Kabelanschluss, Wandhalterung vorhanden. Gebrauchter Zustand mit \u00e4u\u00dferen Gebrauchsspuren, technisch funktionsf\u00e4hig. Preis ist ohne MwSt. angegeben.<\/p>","protected":false},"excerpt":{"rendered":"<p>Name: Zentralschmierger\u00e4t Hersteller: Willy Vogel Typ: 122 049 304 Ma\u00dfe: ca. 310\u00d7210\u00d7240 mm Gewicht: ca. 3,8 kg Spannung: 110\/220 V, 50\/60 Hz Leistung: F\u00f6rdermenge 0,1 l\/min bei 15 bar Tankinhalt: 2,7 Liter Land: Deutschland Kurze Beschreibung: Kompaktes automatisches Zentralschmiersystem von Willy Vogel mit robustem Kunststofftank und integriertem Steuerungssystem. Ausgelegt f\u00fcr den industriellen Einsatz, erm\u00f6glicht pr\u00e4zise<\/p>\n<div class=\"klb-readmore button\"><a class=\"btn link\" href=\"https:\/\/shop.erdexim.de\/en\/product\/zentralschmiergeraet-willy-vogel\/\">Read More <i class=\"klbth-icon-right-arrow\"><\/i><\/a><\/div>","protected":false},"featured_media":7470,"comment_status":"closed","ping_status":"closed","template":"","meta":[],"product_brand":[],"product_cat":[399],"product_tag":[],"class_list":{"0":"post-7479","1":"product","2":"type-product","3":"status-publish","4":"has-post-thumbnail","6":"product_cat-drehgeber","8":"first","9":"instock","10":"taxable","11":"shipping-taxable","12":"purchasable","13":"product-type-simple"},"jetpack_sharing_enabled":true,"_links":{"self":[{"href":"https:\/\/shop.erdexim.de\/en\/wp-json\/wp\/v2\/product\/7479","targetHints":{"allow":["GET"]}}],"collection":[{"href":"https:\/\/shop.erdexim.de\/en\/wp-json\/wp\/v2\/product"}],"about":[{"href":"https:\/\/shop.erdexim.de\/en\/wp-json\/wp\/v2\/types\/product"}],"replies":[{"embeddable":true,"href":"https:\/\/shop.erdexim.de\/en\/wp-json\/wp\/v2\/comments?post=7479"}],"wp:featuredmedia":[{"embeddable":true,"href":"https:\/\/shop.erdexim.de\/en\/wp-json\/wp\/v2\/media\/7470"}],"wp:attachment":[{"href":"https:\/\/shop.erdexim.de\/en\/wp-json\/wp\/v2\/media?parent=7479"}],"wp:term":[{"taxonomy":"product_brand","embeddable":true,"href":"https:\/\/shop.erdexim.de\/en\/wp-json\/wp\/v2\/product_brand?post=7479"},{"taxonomy":"product_cat","embeddable":true,"href":"https:\/\/shop.erdexim.de\/en\/wp-json\/wp\/v2\/product_cat?post=7479"},{"taxonomy":"product_tag","embeddable":true,"href":"https:\/\/shop.erdexim.de\/en\/wp-json\/wp\/v2\/product_tag?post=7479"}],"curies":[{"name":"wp","href":"https:\/\/api.w.org\/{rel}","templated":true}]}}