{"id":7534,"date":"2025-12-01T09:27:08","date_gmt":"2025-12-01T08:27:08","guid":{"rendered":"https:\/\/shop.erdexim.de\/product\/netzfilter-schaffner-fn351-80-34-von-stama-mc325-s\/"},"modified":"2026-03-24T17:59:36","modified_gmt":"2026-03-24T16:59:36","slug":"netzfilter-schaffner-fn351-80-34-von-stama-mc325-s","status":"publish","type":"product","link":"https:\/\/shop.erdexim.de\/en\/product\/netzfilter-schaffner-fn351-80-34-von-stama-mc325-s\/","title":{"rendered":"Netzfilter Schaffner FN351-80-34 von STAMA MC325\/S"},"content":{"rendered":"<p>Netzfilter Schaffner FN351-80-34 von STAMA MC325\/S<br \/>\nTyp:Netzfilter<br \/>\nHersteller:Schaffner<br \/>\nModell:FN351-80-34<br \/>\nVerwendet in:STAMA MC325\/S<br \/>\nKurze Beschreibung:3-phasiger Netzfilter f\u00fcr industrielle Anwendungen, kompakte Bauform, 80 A Nennstrom, Schraubanschl\u00fcsse. Guter gebrauchter Zustand, voll funktionsf\u00e4hig.<br \/>\nPreis exkl. MwSt.<\/p>","protected":false},"excerpt":{"rendered":"<p>Netzfilter Schaffner FN351-80-34 von STAMA MC325\/S Typ:Netzfilter Hersteller:Schaffner Modell:FN351-80-34 Verwendet in:STAMA MC325\/S Kurze Beschreibung:3-phasiger Netzfilter f\u00fcr industrielle Anwendungen, kompakte Bauform, 80 A Nennstrom, Schraubanschl\u00fcsse. Guter gebrauchter Zustand, voll funktionsf\u00e4hig. Preis exkl. MwSt.<\/p>","protected":false},"featured_media":7526,"comment_status":"closed","ping_status":"closed","template":"","meta":[],"product_brand":[],"product_cat":[407],"product_tag":[],"class_list":{"0":"post-7534","1":"product","2":"type-product","3":"status-publish","4":"has-post-thumbnail","6":"product_cat-tachogeneratoren","8":"first","9":"instock","10":"taxable","11":"shipping-taxable","12":"purchasable","13":"product-type-simple"},"jetpack_sharing_enabled":true,"_links":{"self":[{"href":"https:\/\/shop.erdexim.de\/en\/wp-json\/wp\/v2\/product\/7534","targetHints":{"allow":["GET"]}}],"collection":[{"href":"https:\/\/shop.erdexim.de\/en\/wp-json\/wp\/v2\/product"}],"about":[{"href":"https:\/\/shop.erdexim.de\/en\/wp-json\/wp\/v2\/types\/product"}],"replies":[{"embeddable":true,"href":"https:\/\/shop.erdexim.de\/en\/wp-json\/wp\/v2\/comments?post=7534"}],"wp:featuredmedia":[{"embeddable":true,"href":"https:\/\/shop.erdexim.de\/en\/wp-json\/wp\/v2\/media\/7526"}],"wp:attachment":[{"href":"https:\/\/shop.erdexim.de\/en\/wp-json\/wp\/v2\/media?parent=7534"}],"wp:term":[{"taxonomy":"product_brand","embeddable":true,"href":"https:\/\/shop.erdexim.de\/en\/wp-json\/wp\/v2\/product_brand?post=7534"},{"taxonomy":"product_cat","embeddable":true,"href":"https:\/\/shop.erdexim.de\/en\/wp-json\/wp\/v2\/product_cat?post=7534"},{"taxonomy":"product_tag","embeddable":true,"href":"https:\/\/shop.erdexim.de\/en\/wp-json\/wp\/v2\/product_tag?post=7534"}],"curies":[{"name":"wp","href":"https:\/\/api.w.org\/{rel}","templated":true}]}}