{"id":7566,"date":"2025-12-01T09:27:14","date_gmt":"2025-12-01T08:27:14","guid":{"rendered":"https:\/\/shop.erdexim.de\/product\/anschlussdose-siemens-stama-mc325-s\/"},"modified":"2026-03-24T18:15:42","modified_gmt":"2026-03-24T17:15:42","slug":"anschlussdose-siemens-stama-mc325-s","status":"publish","type":"product","link":"https:\/\/shop.erdexim.de\/en\/product\/anschlussdose-siemens-stama-mc325-s\/","title":{"rendered":"Anschlussdose Siemens STAMA MC325\/S"},"content":{"rendered":"<p>Anschlussdose Siemens STAMA MC325\/S<br \/>\nHersteller: Siemens<br \/>\nTyp: Anschlussdose<br \/>\nMa\u00dfe: 120\u00d780\u00d760mm<br \/>\nGewicht: 0,38kg<br \/>\nZustand: gebraucht, voll funktionsf\u00e4hig<br \/>\nPreis:  (zzgl. MwSt)<br \/>\nHerkunft: demontiert von STAMA MC325\/S<\/p>","protected":false},"excerpt":{"rendered":"<p>Anschlussdose Siemens STAMA MC325\/S Hersteller: Siemens Typ: Anschlussdose Ma\u00dfe: 120\u00d780\u00d760mm Gewicht: 0,38kg Zustand: gebraucht, voll funktionsf\u00e4hig Preis: (zzgl. MwSt) Herkunft: demontiert von STAMA MC325\/S<\/p>","protected":false},"featured_media":7560,"comment_status":"closed","ping_status":"closed","template":"","meta":[],"product_brand":[],"product_cat":[407],"product_tag":[],"class_list":{"0":"post-7566","1":"product","2":"type-product","3":"status-publish","4":"has-post-thumbnail","6":"product_cat-tachogeneratoren","8":"first","9":"instock","10":"taxable","11":"shipping-taxable","12":"purchasable","13":"product-type-simple"},"jetpack_sharing_enabled":true,"_links":{"self":[{"href":"https:\/\/shop.erdexim.de\/en\/wp-json\/wp\/v2\/product\/7566","targetHints":{"allow":["GET"]}}],"collection":[{"href":"https:\/\/shop.erdexim.de\/en\/wp-json\/wp\/v2\/product"}],"about":[{"href":"https:\/\/shop.erdexim.de\/en\/wp-json\/wp\/v2\/types\/product"}],"replies":[{"embeddable":true,"href":"https:\/\/shop.erdexim.de\/en\/wp-json\/wp\/v2\/comments?post=7566"}],"wp:featuredmedia":[{"embeddable":true,"href":"https:\/\/shop.erdexim.de\/en\/wp-json\/wp\/v2\/media\/7560"}],"wp:attachment":[{"href":"https:\/\/shop.erdexim.de\/en\/wp-json\/wp\/v2\/media?parent=7566"}],"wp:term":[{"taxonomy":"product_brand","embeddable":true,"href":"https:\/\/shop.erdexim.de\/en\/wp-json\/wp\/v2\/product_brand?post=7566"},{"taxonomy":"product_cat","embeddable":true,"href":"https:\/\/shop.erdexim.de\/en\/wp-json\/wp\/v2\/product_cat?post=7566"},{"taxonomy":"product_tag","embeddable":true,"href":"https:\/\/shop.erdexim.de\/en\/wp-json\/wp\/v2\/product_tag?post=7566"}],"curies":[{"name":"wp","href":"https:\/\/api.w.org\/{rel}","templated":true}]}}