{"id":7630,"date":"2025-12-01T09:27:22","date_gmt":"2025-12-01T08:27:22","guid":{"rendered":"https:\/\/shop.erdexim.de\/product\/digitaleingabemodul-siemens-sm321-di-16x24vdc\/"},"modified":"2026-03-24T17:58:29","modified_gmt":"2026-03-24T16:58:29","slug":"digitaleingabemodul-siemens-sm321-di-16x24vdc","status":"publish","type":"product","link":"https:\/\/shop.erdexim.de\/en\/product\/digitaleingabemodul-siemens-sm321-di-16x24vdc\/","title":{"rendered":"Digitaleingabemodul Siemens SM321 DI 16x24VDC"},"content":{"rendered":"<p>Digitaleingabemodul Siemens SM321 DI 16x24VDC<br \/>\nHersteller: Siemens<br \/>\nSerie: SIMATIC S7-300<br \/>\nModul: SM321<br \/>\nBestellnummer: 6ES7 321-1BH00-0AA0<br \/>\nTyp: Digitale Eingabebaugruppe (DI)<br \/>\nEing\u00e4nge: 16 x 24 V DC<br \/>\nMontageart: Hutschiene \/ DIN-Schiene<br \/>\nZustand: gebraucht, aus STAMA MC 325\/S demontiert<br \/>\nMa\u00dfe: ca. 130 \u00d7 40 \u00d7 120 mm<br \/>\nGewicht: 0,28 kg<br \/>\nPreis zzgl. MwSt.<\/p>","protected":false},"excerpt":{"rendered":"<p>Digitaleingabemodul Siemens SM321 DI 16x24VDC Hersteller: Siemens Serie: SIMATIC S7-300 Modul: SM321 Bestellnummer: 6ES7 321-1BH00-0AA0 Typ: Digitale Eingabebaugruppe (DI) Eing\u00e4nge: 16 x 24 V DC Montageart: Hutschiene \/ DIN-Schiene Zustand: gebraucht, aus STAMA MC 325\/S demontiert Ma\u00dfe: ca. 130 \u00d7 40 \u00d7 120 mm Gewicht: 0,28 kg Preis zzgl. MwSt.<\/p>","protected":false},"featured_media":7623,"comment_status":"closed","ping_status":"closed","template":"","meta":[],"product_brand":[],"product_cat":[407],"product_tag":[],"class_list":{"0":"post-7630","1":"product","2":"type-product","3":"status-publish","4":"has-post-thumbnail","6":"product_cat-tachogeneratoren","8":"first","9":"instock","10":"taxable","11":"shipping-taxable","12":"purchasable","13":"product-type-simple"},"jetpack_sharing_enabled":true,"_links":{"self":[{"href":"https:\/\/shop.erdexim.de\/en\/wp-json\/wp\/v2\/product\/7630","targetHints":{"allow":["GET"]}}],"collection":[{"href":"https:\/\/shop.erdexim.de\/en\/wp-json\/wp\/v2\/product"}],"about":[{"href":"https:\/\/shop.erdexim.de\/en\/wp-json\/wp\/v2\/types\/product"}],"replies":[{"embeddable":true,"href":"https:\/\/shop.erdexim.de\/en\/wp-json\/wp\/v2\/comments?post=7630"}],"wp:featuredmedia":[{"embeddable":true,"href":"https:\/\/shop.erdexim.de\/en\/wp-json\/wp\/v2\/media\/7623"}],"wp:attachment":[{"href":"https:\/\/shop.erdexim.de\/en\/wp-json\/wp\/v2\/media?parent=7630"}],"wp:term":[{"taxonomy":"product_brand","embeddable":true,"href":"https:\/\/shop.erdexim.de\/en\/wp-json\/wp\/v2\/product_brand?post=7630"},{"taxonomy":"product_cat","embeddable":true,"href":"https:\/\/shop.erdexim.de\/en\/wp-json\/wp\/v2\/product_cat?post=7630"},{"taxonomy":"product_tag","embeddable":true,"href":"https:\/\/shop.erdexim.de\/en\/wp-json\/wp\/v2\/product_tag?post=7630"}],"curies":[{"name":"wp","href":"https:\/\/api.w.org\/{rel}","templated":true}]}}