{"id":7679,"date":"2025-12-01T09:27:27","date_gmt":"2025-12-01T08:27:27","guid":{"rendered":"https:\/\/shop.erdexim.de\/product\/cnc-spindel\/"},"modified":"2026-04-23T18:34:03","modified_gmt":"2026-04-23T16:34:03","slug":"cnc-spindel","status":"publish","type":"product","link":"https:\/\/shop.erdexim.de\/en\/product\/cnc-spindel\/","title":{"rendered":"CNC Spindel"},"content":{"rendered":"<p> CNC Spindel<br \/>\nHersteller: STAMA<br \/>\nModell: MC 325\/S<br \/>\nArtikelnummer: T600.011-374-3\/e<br \/>\nZustand: gebraucht<br \/>\nMa\u00dfe (L\u00d7B\u00d7H): 450\u00d7140\u00d7150 mm<br \/>\nGewicht: 18,54 kg<br \/>\nPreis:  zzgl. MwSt.<\/p>","protected":false},"excerpt":{"rendered":"<p>CNC Spindel Hersteller: STAMA Modell: MC 325\/S Artikelnummer: T600.011-374-3\/e Zustand: gebraucht Ma\u00dfe (L\u00d7B\u00d7H): 450\u00d7140\u00d7150 mm Gewicht: 18,54 kg Preis: zzgl. MwSt.<\/p>","protected":false},"featured_media":7669,"comment_status":"closed","ping_status":"closed","template":"","meta":[],"product_brand":[],"product_cat":[399],"product_tag":[],"class_list":{"0":"post-7679","1":"product","2":"type-product","3":"status-publish","4":"has-post-thumbnail","6":"product_cat-drehgeber","8":"first","9":"instock","10":"taxable","11":"shipping-taxable","12":"purchasable","13":"product-type-simple"},"jetpack_sharing_enabled":true,"_links":{"self":[{"href":"https:\/\/shop.erdexim.de\/en\/wp-json\/wp\/v2\/product\/7679","targetHints":{"allow":["GET"]}}],"collection":[{"href":"https:\/\/shop.erdexim.de\/en\/wp-json\/wp\/v2\/product"}],"about":[{"href":"https:\/\/shop.erdexim.de\/en\/wp-json\/wp\/v2\/types\/product"}],"replies":[{"embeddable":true,"href":"https:\/\/shop.erdexim.de\/en\/wp-json\/wp\/v2\/comments?post=7679"}],"wp:featuredmedia":[{"embeddable":true,"href":"https:\/\/shop.erdexim.de\/en\/wp-json\/wp\/v2\/media\/7669"}],"wp:attachment":[{"href":"https:\/\/shop.erdexim.de\/en\/wp-json\/wp\/v2\/media?parent=7679"}],"wp:term":[{"taxonomy":"product_brand","embeddable":true,"href":"https:\/\/shop.erdexim.de\/en\/wp-json\/wp\/v2\/product_brand?post=7679"},{"taxonomy":"product_cat","embeddable":true,"href":"https:\/\/shop.erdexim.de\/en\/wp-json\/wp\/v2\/product_cat?post=7679"},{"taxonomy":"product_tag","embeddable":true,"href":"https:\/\/shop.erdexim.de\/en\/wp-json\/wp\/v2\/product_tag?post=7679"}],"curies":[{"name":"wp","href":"https:\/\/api.w.org\/{rel}","templated":true}]}}