{"id":8125,"date":"2025-12-01T09:28:49","date_gmt":"2025-12-01T08:28:49","guid":{"rendered":"https:\/\/shop.erdexim.de\/product\/werkzeugaufnahme-weldon-vdi-25-13x30\/"},"modified":"2026-04-15T14:11:00","modified_gmt":"2026-04-15T12:11:00","slug":"werkzeugaufnahme-weldon-vdi-25-13x30","status":"publish","type":"product","link":"https:\/\/shop.erdexim.de\/en\/product\/werkzeugaufnahme-weldon-vdi-25-13x30\/","title":{"rendered":"Werkzeugaufnahme Weldon VDI 25\u00a013\u00d730  19.2513"},"content":{"rendered":"<p>Modell \/ Typ: VDI 25\u00a013\u00d730  19.2513<br \/>\nHerkunftsland: Deutschland<br \/>\nHersteller: EWS<br \/>\nGewicht: 0,41 kg<br \/>\nAbmessungen: 90 \u00d7 40 \u00d7 40 mm<br \/>\nZustand: neu<br \/>\nPreis ohne MwSt.<br \/>\nZusatzinformation: Bohrstangenhalter \u00d813 \u00d7 30, passende Schnittstelle VDI 25<br \/>\nLink zum Produkt auf der Website des Herstellers: https:\/\/ews-tools.de\/de-DE\/product\/ews-19-2513-werkzeugaufnahme-bohrungs-13-mm-din-69-880-form-e2-\/74089<\/p>","protected":false},"excerpt":{"rendered":"<p>Modell \/ Typ: VDI 25\u00a013\u00d730 19.2513 Herkunftsland: Deutschland Hersteller: EWS Gewicht: 0,41 kg Abmessungen: 90 \u00d7 40 \u00d7 40 mm Zustand: neu Preis ohne MwSt. Zusatzinformation: Bohrstangenhalter \u00d813 \u00d7 30, passende Schnittstelle VDI 25 Link zum Produkt auf der Website des Herstellers: https:\/\/ews-tools.de\/de-DE\/product\/ews-19-2513-werkzeugaufnahme-bohrungs-13-mm-din-69-880-form-e2-\/74089<\/p>","protected":false},"featured_media":8118,"comment_status":"closed","ping_status":"closed","template":"","meta":[],"product_brand":[],"product_cat":[449],"product_tag":[],"class_list":{"0":"post-8125","1":"product","2":"type-product","3":"status-publish","4":"has-post-thumbnail","6":"product_cat-werkzeuge","8":"first","9":"instock","10":"taxable","11":"shipping-taxable","12":"purchasable","13":"product-type-simple"},"jetpack_sharing_enabled":true,"_links":{"self":[{"href":"https:\/\/shop.erdexim.de\/en\/wp-json\/wp\/v2\/product\/8125","targetHints":{"allow":["GET"]}}],"collection":[{"href":"https:\/\/shop.erdexim.de\/en\/wp-json\/wp\/v2\/product"}],"about":[{"href":"https:\/\/shop.erdexim.de\/en\/wp-json\/wp\/v2\/types\/product"}],"replies":[{"embeddable":true,"href":"https:\/\/shop.erdexim.de\/en\/wp-json\/wp\/v2\/comments?post=8125"}],"wp:featuredmedia":[{"embeddable":true,"href":"https:\/\/shop.erdexim.de\/en\/wp-json\/wp\/v2\/media\/8118"}],"wp:attachment":[{"href":"https:\/\/shop.erdexim.de\/en\/wp-json\/wp\/v2\/media?parent=8125"}],"wp:term":[{"taxonomy":"product_brand","embeddable":true,"href":"https:\/\/shop.erdexim.de\/en\/wp-json\/wp\/v2\/product_brand?post=8125"},{"taxonomy":"product_cat","embeddable":true,"href":"https:\/\/shop.erdexim.de\/en\/wp-json\/wp\/v2\/product_cat?post=8125"},{"taxonomy":"product_tag","embeddable":true,"href":"https:\/\/shop.erdexim.de\/en\/wp-json\/wp\/v2\/product_tag?post=8125"}],"curies":[{"name":"wp","href":"https:\/\/api.w.org\/{rel}","templated":true}]}}