{"id":8139,"date":"2025-12-01T09:28:51","date_gmt":"2025-12-01T08:28:51","guid":{"rendered":"https:\/\/shop.erdexim.de\/product\/werkzeugaufnahme-weldon-vdi-25-16x65\/"},"modified":"2026-04-27T14:04:11","modified_gmt":"2026-04-27T12:04:11","slug":"werkzeugaufnahme-weldon-vdi-25-16x65","status":"publish","type":"product","link":"https:\/\/shop.erdexim.de\/en\/product\/werkzeugaufnahme-weldon-vdi-25-16x65\/","title":{"rendered":"Werkzeugaufnahme  VDI 25 16\u00d765"},"content":{"rendered":"<p>Modell \/ Typ: VDI25  \u00d816\u00d765<br \/>\nHerkunftsland: Deutschland<br \/>\nHersteller: EWS<br \/>\nGewicht: 0,82 kg<br \/>\nAbmessungen: ca. 100 \u00d7 40 \u00d7 40 mm<br \/>\nZustand: neu<br \/>\nPreis ohne MwSt.<br \/>\nZusatzinformation: Bohrstangenhalter \u00d816\u00d765 f\u00fcr VDI25-Revolver<br \/>\nLink zum Produkt auf der Website des Herstellers:https:\/\/ews-tools.de\/de-DE\/product\/ews-19-2516l7-54-werkzeugaufnahme-bohrungs-16-mm-din-69-880-form-e2-050stat-10-l7-54-\/24395<\/p>","protected":false},"excerpt":{"rendered":"<p>Modell \/ Typ: VDI25 \u00d816\u00d765 Herkunftsland: Deutschland Hersteller: EWS Gewicht: 0,82 kg Abmessungen: ca. 100 \u00d7 40 \u00d7 40 mm Zustand: neu Preis ohne MwSt. Zusatzinformation: Bohrstangenhalter \u00d816\u00d765 f\u00fcr VDI25-Revolver Link zum Produkt auf der Website des Herstellers:https:\/\/ews-tools.de\/de-DE\/product\/ews-19-2516l7-54-werkzeugaufnahme-bohrungs-16-mm-din-69-880-form-e2-050stat-10-l7-54-\/24395<\/p>","protected":false},"featured_media":8133,"comment_status":"closed","ping_status":"closed","template":"","meta":[],"product_brand":[],"product_cat":[449],"product_tag":[],"class_list":{"0":"post-8139","1":"product","2":"type-product","3":"status-publish","4":"has-post-thumbnail","6":"product_cat-werkzeuge","8":"first","9":"instock","10":"taxable","11":"shipping-taxable","12":"purchasable","13":"product-type-simple"},"jetpack_sharing_enabled":true,"_links":{"self":[{"href":"https:\/\/shop.erdexim.de\/en\/wp-json\/wp\/v2\/product\/8139","targetHints":{"allow":["GET"]}}],"collection":[{"href":"https:\/\/shop.erdexim.de\/en\/wp-json\/wp\/v2\/product"}],"about":[{"href":"https:\/\/shop.erdexim.de\/en\/wp-json\/wp\/v2\/types\/product"}],"replies":[{"embeddable":true,"href":"https:\/\/shop.erdexim.de\/en\/wp-json\/wp\/v2\/comments?post=8139"}],"wp:featuredmedia":[{"embeddable":true,"href":"https:\/\/shop.erdexim.de\/en\/wp-json\/wp\/v2\/media\/8133"}],"wp:attachment":[{"href":"https:\/\/shop.erdexim.de\/en\/wp-json\/wp\/v2\/media?parent=8139"}],"wp:term":[{"taxonomy":"product_brand","embeddable":true,"href":"https:\/\/shop.erdexim.de\/en\/wp-json\/wp\/v2\/product_brand?post=8139"},{"taxonomy":"product_cat","embeddable":true,"href":"https:\/\/shop.erdexim.de\/en\/wp-json\/wp\/v2\/product_cat?post=8139"},{"taxonomy":"product_tag","embeddable":true,"href":"https:\/\/shop.erdexim.de\/en\/wp-json\/wp\/v2\/product_tag?post=8139"}],"curies":[{"name":"wp","href":"https:\/\/api.w.org\/{rel}","templated":true}]}}