{"id":8162,"date":"2025-12-01T09:28:56","date_gmt":"2025-12-01T08:28:56","guid":{"rendered":"https:\/\/shop.erdexim.de\/product\/werkzeugaufnahme-weldon-vdi-25-20x65\/"},"modified":"2026-04-28T10:19:49","modified_gmt":"2026-04-28T08:19:49","slug":"werkzeugaufnahme-weldon-vdi-25-20x65","status":"publish","type":"product","link":"https:\/\/shop.erdexim.de\/en\/product\/werkzeugaufnahme-weldon-vdi-25-20x65\/","title":{"rendered":"Werkzeugaufnahme  VDI 25 20\u00d765"},"content":{"rendered":"<p>Modell \/ Typ: VDI25<br \/>\nHerkunftsland: Deutschland<br \/>\nHersteller: EWS<br \/>\nGewicht: 1,24 kg<br \/>\nAbmessungen: ca. 140 \u00d7 60 \u00d7 60 mm<br \/>\n\u0417ustand: neu<br \/>\nPreis ohne MwSt.<br \/>\nZusatzinformation: Bohrstangenhalter \u00d820\u00d765, robuste Ausf\u00fchrung, ohne Innenk\u00fchlung<\/p>","protected":false},"excerpt":{"rendered":"<p>Modell \/ Typ: VDI25 Herkunftsland: Deutschland Hersteller: EWS Gewicht: 1,24 kg Abmessungen: ca. 140 \u00d7 60 \u00d7 60 mm \u0417ustand: neu Preis ohne MwSt. Zusatzinformation: Bohrstangenhalter \u00d820\u00d765, robuste Ausf\u00fchrung, ohne Innenk\u00fchlung<\/p>","protected":false},"featured_media":8154,"comment_status":"closed","ping_status":"closed","template":"","meta":[],"product_brand":[],"product_cat":[449],"product_tag":[],"class_list":{"0":"post-8162","1":"product","2":"type-product","3":"status-publish","4":"has-post-thumbnail","6":"product_cat-werkzeuge","8":"first","9":"instock","10":"taxable","11":"shipping-taxable","12":"purchasable","13":"product-type-simple"},"jetpack_sharing_enabled":true,"_links":{"self":[{"href":"https:\/\/shop.erdexim.de\/en\/wp-json\/wp\/v2\/product\/8162","targetHints":{"allow":["GET"]}}],"collection":[{"href":"https:\/\/shop.erdexim.de\/en\/wp-json\/wp\/v2\/product"}],"about":[{"href":"https:\/\/shop.erdexim.de\/en\/wp-json\/wp\/v2\/types\/product"}],"replies":[{"embeddable":true,"href":"https:\/\/shop.erdexim.de\/en\/wp-json\/wp\/v2\/comments?post=8162"}],"wp:featuredmedia":[{"embeddable":true,"href":"https:\/\/shop.erdexim.de\/en\/wp-json\/wp\/v2\/media\/8154"}],"wp:attachment":[{"href":"https:\/\/shop.erdexim.de\/en\/wp-json\/wp\/v2\/media?parent=8162"}],"wp:term":[{"taxonomy":"product_brand","embeddable":true,"href":"https:\/\/shop.erdexim.de\/en\/wp-json\/wp\/v2\/product_brand?post=8162"},{"taxonomy":"product_cat","embeddable":true,"href":"https:\/\/shop.erdexim.de\/en\/wp-json\/wp\/v2\/product_cat?post=8162"},{"taxonomy":"product_tag","embeddable":true,"href":"https:\/\/shop.erdexim.de\/en\/wp-json\/wp\/v2\/product_tag?post=8162"}],"curies":[{"name":"wp","href":"https:\/\/api.w.org\/{rel}","templated":true}]}}