{"id":8171,"date":"2025-12-01T09:28:58","date_gmt":"2025-12-01T08:28:58","guid":{"rendered":"https:\/\/shop.erdexim.de\/product\/werkzeugaufnahme-weldon-vdi-25-12x85\/"},"modified":"2026-05-07T12:27:43","modified_gmt":"2026-05-07T10:27:43","slug":"werkzeugaufnahme-weldon-vdi-25-12x85","status":"publish","type":"product","link":"https:\/\/shop.erdexim.de\/en\/product\/werkzeugaufnahme-weldon-vdi-25-12x85\/","title":{"rendered":"Werkzeugaufnahme  VDI 25 13\u00d785"},"content":{"rendered":"<p>Modell \/ Typ: VDI25 13\u00d785<br \/>\nHerkunftsland: Deutschland<br \/>\nHersteller: EWS<br \/>\nGewicht: 1,88 kg<br \/>\nAbmessungen: ca. 140 \u00d7 50 \u00d7 50 mm<br \/>\nZustand: neu<br \/>\nPreis ohne MwSt.<br \/>\nZusatzinformation: Bohrstangenhalter \u00d813\u00d785, massive Ausf\u00fchrung, ohne Innenk\u00fchlung<\/p>","protected":false},"excerpt":{"rendered":"<p>Modell \/ Typ: VDI25 13\u00d785 Herkunftsland: Deutschland Hersteller: EWS Gewicht: 1,88 kg Abmessungen: ca. 140 \u00d7 50 \u00d7 50 mm Zustand: neu Preis ohne MwSt. Zusatzinformation: Bohrstangenhalter \u00d813\u00d785, massive Ausf\u00fchrung, ohne Innenk\u00fchlung<\/p>","protected":false},"featured_media":8163,"comment_status":"closed","ping_status":"closed","template":"","meta":[],"product_brand":[],"product_cat":[449],"product_tag":[],"class_list":{"0":"post-8171","1":"product","2":"type-product","3":"status-publish","4":"has-post-thumbnail","6":"product_cat-werkzeuge","8":"first","9":"instock","10":"taxable","11":"shipping-taxable","12":"purchasable","13":"product-type-simple"},"jetpack_sharing_enabled":true,"_links":{"self":[{"href":"https:\/\/shop.erdexim.de\/en\/wp-json\/wp\/v2\/product\/8171","targetHints":{"allow":["GET"]}}],"collection":[{"href":"https:\/\/shop.erdexim.de\/en\/wp-json\/wp\/v2\/product"}],"about":[{"href":"https:\/\/shop.erdexim.de\/en\/wp-json\/wp\/v2\/types\/product"}],"replies":[{"embeddable":true,"href":"https:\/\/shop.erdexim.de\/en\/wp-json\/wp\/v2\/comments?post=8171"}],"wp:featuredmedia":[{"embeddable":true,"href":"https:\/\/shop.erdexim.de\/en\/wp-json\/wp\/v2\/media\/8163"}],"wp:attachment":[{"href":"https:\/\/shop.erdexim.de\/en\/wp-json\/wp\/v2\/media?parent=8171"}],"wp:term":[{"taxonomy":"product_brand","embeddable":true,"href":"https:\/\/shop.erdexim.de\/en\/wp-json\/wp\/v2\/product_brand?post=8171"},{"taxonomy":"product_cat","embeddable":true,"href":"https:\/\/shop.erdexim.de\/en\/wp-json\/wp\/v2\/product_cat?post=8171"},{"taxonomy":"product_tag","embeddable":true,"href":"https:\/\/shop.erdexim.de\/en\/wp-json\/wp\/v2\/product_tag?post=8171"}],"curies":[{"name":"wp","href":"https:\/\/api.w.org\/{rel}","templated":true}]}}