{"id":8244,"date":"2025-12-04T15:22:02","date_gmt":"2025-12-04T14:22:02","guid":{"rendered":"https:\/\/shop.erdexim.de\/product\/werkzeugaufnahme-bohrstangenhalter-vdi-40-22x95\/"},"modified":"2026-04-27T14:04:36","modified_gmt":"2026-04-27T12:04:36","slug":"werkzeugaufnahme-bohrstangenhalter-vdi-40-22x95","status":"publish","type":"product","link":"https:\/\/shop.erdexim.de\/en\/product\/werkzeugaufnahme-bohrstangenhalter-vdi-40-22x95\/","title":{"rendered":"Werkzeugaufnahme VDI 40 \u00d822\u00d795 Bohrstangenhalter"},"content":{"rendered":"<p>Modell \/ Typ: VDI40 \u00d822\u00d795<br \/>\nHerkunftsland: Deutschland<br \/>\nHersteller: EWS<br \/>\nGewicht: 2,44 kg<br \/>\nAbmessungen: ca. 120 \u00d7 70 \u00d7 70 mm<br \/>\nZustand: neu<br \/>\nPreis ohne MwSt.<br \/>\nZusatzinformation: VDI40-Bohrstangenhalter mit \u00d822-Aufnahme, geeignet f\u00fcr Drehmaschinen<\/p>","protected":false},"excerpt":{"rendered":"<p>Modell \/ Typ: VDI40 \u00d822\u00d795 Herkunftsland: Deutschland Hersteller: EWS Gewicht: 2,44 kg Abmessungen: ca. 120 \u00d7 70 \u00d7 70 mm Zustand: neu Preis ohne MwSt. Zusatzinformation: VDI40-Bohrstangenhalter mit \u00d822-Aufnahme, geeignet f\u00fcr Drehmaschinen<\/p>","protected":false},"featured_media":8237,"comment_status":"closed","ping_status":"closed","template":"","meta":[],"product_brand":[],"product_cat":[449],"product_tag":[],"class_list":{"0":"post-8244","1":"product","2":"type-product","3":"status-publish","4":"has-post-thumbnail","6":"product_cat-werkzeuge","8":"first","9":"instock","10":"taxable","11":"shipping-taxable","12":"purchasable","13":"product-type-simple"},"jetpack_sharing_enabled":true,"_links":{"self":[{"href":"https:\/\/shop.erdexim.de\/en\/wp-json\/wp\/v2\/product\/8244","targetHints":{"allow":["GET"]}}],"collection":[{"href":"https:\/\/shop.erdexim.de\/en\/wp-json\/wp\/v2\/product"}],"about":[{"href":"https:\/\/shop.erdexim.de\/en\/wp-json\/wp\/v2\/types\/product"}],"replies":[{"embeddable":true,"href":"https:\/\/shop.erdexim.de\/en\/wp-json\/wp\/v2\/comments?post=8244"}],"wp:featuredmedia":[{"embeddable":true,"href":"https:\/\/shop.erdexim.de\/en\/wp-json\/wp\/v2\/media\/8237"}],"wp:attachment":[{"href":"https:\/\/shop.erdexim.de\/en\/wp-json\/wp\/v2\/media?parent=8244"}],"wp:term":[{"taxonomy":"product_brand","embeddable":true,"href":"https:\/\/shop.erdexim.de\/en\/wp-json\/wp\/v2\/product_brand?post=8244"},{"taxonomy":"product_cat","embeddable":true,"href":"https:\/\/shop.erdexim.de\/en\/wp-json\/wp\/v2\/product_cat?post=8244"},{"taxonomy":"product_tag","embeddable":true,"href":"https:\/\/shop.erdexim.de\/en\/wp-json\/wp\/v2\/product_tag?post=8244"}],"curies":[{"name":"wp","href":"https:\/\/api.w.org\/{rel}","templated":true}]}}