{"id":8263,"date":"2025-12-04T15:13:33","date_gmt":"2025-12-04T14:13:33","guid":{"rendered":"https:\/\/shop.erdexim.de\/product\/werkzeugeaufnahme-laengsaufnahme-vdi40-stahlhoehe-25-links\/"},"modified":"2026-04-28T10:20:16","modified_gmt":"2026-04-28T08:20:16","slug":"werkzeugeaufnahme-laengsaufnahme-vdi40-stahlhoehe-25-links","status":"publish","type":"product","link":"https:\/\/shop.erdexim.de\/en\/product\/werkzeugeaufnahme-laengsaufnahme-vdi40-stahlhoehe-25-links\/","title":{"rendered":"Werkzeugaufnahme VDI40 25 Links"},"content":{"rendered":"<p>Modell \/ Typ: VDI40 25<br \/>\nHerkunftsland: Deutschland<br \/>\nHersteller: EWS<br \/>\nGewicht: 4,11 kg<br \/>\nAbmessungen: ca. 150 \u00d7 120 \u00d7 100 mm<br \/>\nZustand: neu<br \/>\nPreis ohne MwSt.<br \/>\nZusatzinformation: VDI40-Halter f\u00fcr 25er Schaft, massive Ausf\u00fchrung f\u00fcr Drehmaschinen<br \/>\nPreis ohne MwSt.<br \/>\nLink zum Produkt auf der Website des Herstellers:    https:\/\/ews-tools.de\/de-DE\/product\/ews-3-4025-4dss-laengsaufnahme-stahlhoehe-25-4-1-\/693<\/p>","protected":false},"excerpt":{"rendered":"<p>Modell \/ Typ: VDI40 25 Herkunftsland: Deutschland Hersteller: EWS Gewicht: 4,11 kg Abmessungen: ca. 150 \u00d7 120 \u00d7 100 mm Zustand: neu Preis ohne MwSt. Zusatzinformation: VDI40-Halter f\u00fcr 25er Schaft, massive Ausf\u00fchrung f\u00fcr Drehmaschinen Preis ohne MwSt. Link zum Produkt auf der Website des Herstellers: https:\/\/ews-tools.de\/de-DE\/product\/ews-3-4025-4dss-laengsaufnahme-stahlhoehe-25-4-1-\/693<\/p>","protected":false},"featured_media":8262,"comment_status":"closed","ping_status":"closed","template":"","meta":[],"product_brand":[],"product_cat":[449],"product_tag":[],"class_list":{"0":"post-8263","1":"product","2":"type-product","3":"status-publish","4":"has-post-thumbnail","6":"product_cat-werkzeuge","8":"first","9":"instock","10":"taxable","11":"shipping-taxable","12":"purchasable","13":"product-type-simple"},"jetpack_sharing_enabled":true,"_links":{"self":[{"href":"https:\/\/shop.erdexim.de\/en\/wp-json\/wp\/v2\/product\/8263","targetHints":{"allow":["GET"]}}],"collection":[{"href":"https:\/\/shop.erdexim.de\/en\/wp-json\/wp\/v2\/product"}],"about":[{"href":"https:\/\/shop.erdexim.de\/en\/wp-json\/wp\/v2\/types\/product"}],"replies":[{"embeddable":true,"href":"https:\/\/shop.erdexim.de\/en\/wp-json\/wp\/v2\/comments?post=8263"}],"wp:featuredmedia":[{"embeddable":true,"href":"https:\/\/shop.erdexim.de\/en\/wp-json\/wp\/v2\/media\/8262"}],"wp:attachment":[{"href":"https:\/\/shop.erdexim.de\/en\/wp-json\/wp\/v2\/media?parent=8263"}],"wp:term":[{"taxonomy":"product_brand","embeddable":true,"href":"https:\/\/shop.erdexim.de\/en\/wp-json\/wp\/v2\/product_brand?post=8263"},{"taxonomy":"product_cat","embeddable":true,"href":"https:\/\/shop.erdexim.de\/en\/wp-json\/wp\/v2\/product_cat?post=8263"},{"taxonomy":"product_tag","embeddable":true,"href":"https:\/\/shop.erdexim.de\/en\/wp-json\/wp\/v2\/product_tag?post=8263"}],"curies":[{"name":"wp","href":"https:\/\/api.w.org\/{rel}","templated":true}]}}