{"id":8314,"date":"2025-12-04T15:13:39","date_gmt":"2025-12-04T14:13:39","guid":{"rendered":"https:\/\/shop.erdexim.de\/product\/werkzeugaufnahme-weldon-vdi-50-18x68\/"},"modified":"2026-04-23T17:31:22","modified_gmt":"2026-04-23T15:31:22","slug":"werkzeugaufnahme-weldon-vdi-50-18x68","status":"publish","type":"product","link":"https:\/\/shop.erdexim.de\/en\/product\/werkzeugaufnahme-weldon-vdi-50-18x68\/","title":{"rendered":"Werkzeugaufnahme Weldon  VDI 50\u00a0\u00d818\u00d768"},"content":{"rendered":"<p>Modell \/ Typ: VDI50  \u00d818&#215;68<br \/>\nHerkunftsland: Deutschland<br \/>\nHersteller: EWS<br \/>\nGewicht: 2,92 kg<br \/>\nAbmessungen: ca. 160 \u00d7 80 \u00d7 80 mm<br \/>\nZustand: neu<br \/>\nPreis ohne MwSt.<br \/>\nZusatzinformation: VDI50-Bohrstangenhalter mit \u00d818-Aufnahme, geeignet f\u00fcr CNC-Drehmaschinen<\/p>","protected":false},"excerpt":{"rendered":"<p>Modell \/ Typ: VDI50 \u00d818&#215;68 Herkunftsland: Deutschland Hersteller: EWS Gewicht: 2,92 kg Abmessungen: ca. 160 \u00d7 80 \u00d7 80 mm Zustand: neu Preis ohne MwSt. Zusatzinformation: VDI50-Bohrstangenhalter mit \u00d818-Aufnahme, geeignet f\u00fcr CNC-Drehmaschinen<\/p>","protected":false},"featured_media":8308,"comment_status":"closed","ping_status":"closed","template":"","meta":[],"product_brand":[],"product_cat":[449],"product_tag":[],"class_list":{"0":"post-8314","1":"product","2":"type-product","3":"status-publish","4":"has-post-thumbnail","6":"product_cat-werkzeuge","8":"first","9":"instock","10":"taxable","11":"shipping-taxable","12":"purchasable","13":"product-type-simple"},"jetpack_sharing_enabled":true,"_links":{"self":[{"href":"https:\/\/shop.erdexim.de\/en\/wp-json\/wp\/v2\/product\/8314","targetHints":{"allow":["GET"]}}],"collection":[{"href":"https:\/\/shop.erdexim.de\/en\/wp-json\/wp\/v2\/product"}],"about":[{"href":"https:\/\/shop.erdexim.de\/en\/wp-json\/wp\/v2\/types\/product"}],"replies":[{"embeddable":true,"href":"https:\/\/shop.erdexim.de\/en\/wp-json\/wp\/v2\/comments?post=8314"}],"wp:featuredmedia":[{"embeddable":true,"href":"https:\/\/shop.erdexim.de\/en\/wp-json\/wp\/v2\/media\/8308"}],"wp:attachment":[{"href":"https:\/\/shop.erdexim.de\/en\/wp-json\/wp\/v2\/media?parent=8314"}],"wp:term":[{"taxonomy":"product_brand","embeddable":true,"href":"https:\/\/shop.erdexim.de\/en\/wp-json\/wp\/v2\/product_brand?post=8314"},{"taxonomy":"product_cat","embeddable":true,"href":"https:\/\/shop.erdexim.de\/en\/wp-json\/wp\/v2\/product_cat?post=8314"},{"taxonomy":"product_tag","embeddable":true,"href":"https:\/\/shop.erdexim.de\/en\/wp-json\/wp\/v2\/product_tag?post=8314"}],"curies":[{"name":"wp","href":"https:\/\/api.w.org\/{rel}","templated":true}]}}