{"id":8363,"date":"2025-12-04T15:13:47","date_gmt":"2025-12-04T14:13:47","guid":{"rendered":"https:\/\/shop.erdexim.de\/product\/werkzeugaufnahme-vdi-40-stahlhoehe-26-queraufnahme-links-ueberkopf-lang\/"},"modified":"2026-04-28T10:20:42","modified_gmt":"2026-04-28T08:20:42","slug":"werkzeugaufnahme-vdi-40-stahlhoehe-26-queraufnahme-links-ueberkopf-lang","status":"publish","type":"product","link":"https:\/\/shop.erdexim.de\/en\/product\/werkzeugaufnahme-vdi-40-stahlhoehe-26-queraufnahme-links-ueberkopf-lang\/","title":{"rendered":"Werkzeugaufnahme  VDI 40 x 26 Queraufnahme  links, \u00fcberkopf lang"},"content":{"rendered":"<p>Modell \/ Typ: VDI 40<br \/>\nHerkunftsland: Deutschland<br \/>\nHersteller: EWS<br \/>\nGewicht: 5,16 kg<br \/>\nAbmessungen: ca. 160 \u00d7 110 \u00d7 110<br \/>\nZustand: neu<br \/>\nPreis ohne MwSt.<br \/>\nZusatzinformation: Aufnahme mit \u00d826 Schaft; vordere Bohrung \u00d820; hintere Stahlh\u00fclse 25 mm<br \/>\nLink zum Produkt auf der Website des Herstellers:https:\/\/ews-tools.de\/de-DE\/product\/ews-7-4020-queraufnahme-stahlhoehe-20-din-69-880-form-b4-links-ueberkopf-\/65258<\/p>","protected":false},"excerpt":{"rendered":"<p>Modell \/ Typ: VDI 40 Herkunftsland: Deutschland Hersteller: EWS Gewicht: 5,16 kg Abmessungen: ca. 160 \u00d7 110 \u00d7 110 Zustand: neu Preis ohne MwSt. Zusatzinformation: Aufnahme mit \u00d826 Schaft; vordere Bohrung \u00d820; hintere Stahlh\u00fclse 25 mm Link zum Produkt auf der Website des Herstellers:https:\/\/ews-tools.de\/de-DE\/product\/ews-7-4020-queraufnahme-stahlhoehe-20-din-69-880-form-b4-links-ueberkopf-\/65258<\/p>","protected":false},"featured_media":8356,"comment_status":"closed","ping_status":"closed","template":"","meta":[],"product_brand":[],"product_cat":[449],"product_tag":[],"class_list":{"0":"post-8363","1":"product","2":"type-product","3":"status-publish","4":"has-post-thumbnail","6":"product_cat-werkzeuge","8":"first","9":"instock","10":"taxable","11":"shipping-taxable","12":"purchasable","13":"product-type-simple"},"jetpack_sharing_enabled":true,"_links":{"self":[{"href":"https:\/\/shop.erdexim.de\/en\/wp-json\/wp\/v2\/product\/8363","targetHints":{"allow":["GET"]}}],"collection":[{"href":"https:\/\/shop.erdexim.de\/en\/wp-json\/wp\/v2\/product"}],"about":[{"href":"https:\/\/shop.erdexim.de\/en\/wp-json\/wp\/v2\/types\/product"}],"replies":[{"embeddable":true,"href":"https:\/\/shop.erdexim.de\/en\/wp-json\/wp\/v2\/comments?post=8363"}],"wp:featuredmedia":[{"embeddable":true,"href":"https:\/\/shop.erdexim.de\/en\/wp-json\/wp\/v2\/media\/8356"}],"wp:attachment":[{"href":"https:\/\/shop.erdexim.de\/en\/wp-json\/wp\/v2\/media?parent=8363"}],"wp:term":[{"taxonomy":"product_brand","embeddable":true,"href":"https:\/\/shop.erdexim.de\/en\/wp-json\/wp\/v2\/product_brand?post=8363"},{"taxonomy":"product_cat","embeddable":true,"href":"https:\/\/shop.erdexim.de\/en\/wp-json\/wp\/v2\/product_cat?post=8363"},{"taxonomy":"product_tag","embeddable":true,"href":"https:\/\/shop.erdexim.de\/en\/wp-json\/wp\/v2\/product_tag?post=8363"}],"curies":[{"name":"wp","href":"https:\/\/api.w.org\/{rel}","templated":true}]}}