{"id":8595,"date":"2025-12-04T14:58:16","date_gmt":"2025-12-04T13:58:16","guid":{"rendered":"https:\/\/shop.erdexim.de\/product\/siemens-sitop-pse200u-selektivitaetsmodul-6ep1961-2ba21\/"},"modified":"2025-12-08T17:44:50","modified_gmt":"2025-12-08T16:44:50","slug":"siemens-sitop-pse200u-selektivitaetsmodul-6ep1961-2ba21","status":"publish","type":"product","link":"https:\/\/shop.erdexim.de\/en\/product\/siemens-sitop-pse200u-selektivitaetsmodul-6ep1961-2ba21\/","title":{"rendered":"Siemens SITOP PSE200U Selektivit\u00e4tsmodul 6EP1961-2BA21"},"content":{"rendered":"<p>Siemens SITOP PSE200U Selektivit\u00e4tsmodul 6EP1961-2BA21<br \/>\nTyp: SITOP PSE200U<br \/>\nEingangsspannung: DC 24 V \/ 40 A<br \/>\nAusgang: 4\u00d7 DC 24 V \/ 10 A<br \/>\nGewicht: ca. 0,5 kg<br \/>\nZustand: gebraucht, gepr\u00fcft<br \/>\nPreis ohne MwSt. pro St\u00fcck<br \/>\nHerkunftsland: \u00d6sterreich<br \/>\nSt\u00fcck:<\/p>","protected":false},"excerpt":{"rendered":"<p>Siemens SITOP PSE200U Selektivit\u00e4tsmodul 6EP1961-2BA21 Typ: SITOP PSE200U Eingangsspannung: DC 24 V \/ 40 A Ausgang: 4\u00d7 DC 24 V \/ 10 A Gewicht: ca. 0,5 kg Zustand: gebraucht, gepr\u00fcft Preis ohne MwSt. pro St\u00fcck Herkunftsland: \u00d6sterreich St\u00fcck:<\/p>","protected":false},"featured_media":8588,"comment_status":"closed","ping_status":"closed","template":"","meta":[],"product_brand":[],"product_cat":[399],"product_tag":[],"class_list":{"0":"post-8595","1":"product","2":"type-product","3":"status-publish","4":"has-post-thumbnail","6":"product_cat-drehgeber","8":"first","9":"instock","10":"taxable","11":"shipping-taxable","12":"purchasable","13":"product-type-simple"},"jetpack_sharing_enabled":true,"_links":{"self":[{"href":"https:\/\/shop.erdexim.de\/en\/wp-json\/wp\/v2\/product\/8595","targetHints":{"allow":["GET"]}}],"collection":[{"href":"https:\/\/shop.erdexim.de\/en\/wp-json\/wp\/v2\/product"}],"about":[{"href":"https:\/\/shop.erdexim.de\/en\/wp-json\/wp\/v2\/types\/product"}],"replies":[{"embeddable":true,"href":"https:\/\/shop.erdexim.de\/en\/wp-json\/wp\/v2\/comments?post=8595"}],"wp:featuredmedia":[{"embeddable":true,"href":"https:\/\/shop.erdexim.de\/en\/wp-json\/wp\/v2\/media\/8588"}],"wp:attachment":[{"href":"https:\/\/shop.erdexim.de\/en\/wp-json\/wp\/v2\/media?parent=8595"}],"wp:term":[{"taxonomy":"product_brand","embeddable":true,"href":"https:\/\/shop.erdexim.de\/en\/wp-json\/wp\/v2\/product_brand?post=8595"},{"taxonomy":"product_cat","embeddable":true,"href":"https:\/\/shop.erdexim.de\/en\/wp-json\/wp\/v2\/product_cat?post=8595"},{"taxonomy":"product_tag","embeddable":true,"href":"https:\/\/shop.erdexim.de\/en\/wp-json\/wp\/v2\/product_tag?post=8595"}],"curies":[{"name":"wp","href":"https:\/\/api.w.org\/{rel}","templated":true}]}}