{"id":8647,"date":"2025-12-04T14:58:27","date_gmt":"2025-12-04T13:58:27","guid":{"rendered":"https:\/\/shop.erdexim.de\/product\/siemens-sinamics-terminal-module-tm120-6sl3055-0aa00-3ka0\/"},"modified":"2025-12-08T17:44:57","modified_gmt":"2025-12-08T16:44:57","slug":"siemens-sinamics-terminal-module-tm120-6sl3055-0aa00-3ka0","status":"publish","type":"product","link":"https:\/\/shop.erdexim.de\/en\/product\/siemens-sinamics-terminal-module-tm120-6sl3055-0aa00-3ka0\/","title":{"rendered":"Siemens SINAMICS Terminal Module TM120  6SL3055-0AA00-3KA0"},"content":{"rendered":"<p>Siemens SINAMICS Terminal Module TM120<\/p>\n<p>Modell: 6SL3055-0AA00-3KA0<br \/>\nArtikelnummer: A5E02274111<br \/>\nTyp: TM120 Terminal Module<br \/>\nVersorgungsspannung: 24 V DC, 0,5 A<br \/>\nBetriebstemperatur: 0 \u2026 55 \u00b0C<br \/>\nGewicht: ca. 0,1 kg<br \/>\nHersteller: Siemens AG<br \/>\nHerkunftsland: Deutschland<br \/>\nZustand: gebraucht, gepr\u00fcft<br \/>\nPreis ohne MwSt pro St\u00fcck<br \/>\nSt\u00fcck<\/p>","protected":false},"excerpt":{"rendered":"<p>Siemens SINAMICS Terminal Module TM120 Modell: 6SL3055-0AA00-3KA0 Artikelnummer: A5E02274111 Typ: TM120 Terminal Module Versorgungsspannung: 24 V DC, 0,5 A Betriebstemperatur: 0 \u2026 55 \u00b0C Gewicht: ca. 0,1 kg Hersteller: Siemens AG Herkunftsland: Deutschland Zustand: gebraucht, gepr\u00fcft Preis ohne MwSt pro St\u00fcck St\u00fcck<\/p>","protected":false},"featured_media":8642,"comment_status":"closed","ping_status":"closed","template":"","meta":[],"product_brand":[],"product_cat":[399],"product_tag":[],"class_list":{"0":"post-8647","1":"product","2":"type-product","3":"status-publish","4":"has-post-thumbnail","6":"product_cat-drehgeber","8":"first","9":"instock","10":"taxable","11":"shipping-taxable","12":"purchasable","13":"product-type-simple"},"jetpack_sharing_enabled":true,"_links":{"self":[{"href":"https:\/\/shop.erdexim.de\/en\/wp-json\/wp\/v2\/product\/8647","targetHints":{"allow":["GET"]}}],"collection":[{"href":"https:\/\/shop.erdexim.de\/en\/wp-json\/wp\/v2\/product"}],"about":[{"href":"https:\/\/shop.erdexim.de\/en\/wp-json\/wp\/v2\/types\/product"}],"replies":[{"embeddable":true,"href":"https:\/\/shop.erdexim.de\/en\/wp-json\/wp\/v2\/comments?post=8647"}],"wp:featuredmedia":[{"embeddable":true,"href":"https:\/\/shop.erdexim.de\/en\/wp-json\/wp\/v2\/media\/8642"}],"wp:attachment":[{"href":"https:\/\/shop.erdexim.de\/en\/wp-json\/wp\/v2\/media?parent=8647"}],"wp:term":[{"taxonomy":"product_brand","embeddable":true,"href":"https:\/\/shop.erdexim.de\/en\/wp-json\/wp\/v2\/product_brand?post=8647"},{"taxonomy":"product_cat","embeddable":true,"href":"https:\/\/shop.erdexim.de\/en\/wp-json\/wp\/v2\/product_cat?post=8647"},{"taxonomy":"product_tag","embeddable":true,"href":"https:\/\/shop.erdexim.de\/en\/wp-json\/wp\/v2\/product_tag?post=8647"}],"curies":[{"name":"wp","href":"https:\/\/api.w.org\/{rel}","templated":true}]}}