{"id":8654,"date":"2025-12-04T14:58:29","date_gmt":"2025-12-04T13:58:29","guid":{"rendered":"https:\/\/shop.erdexim.de\/product\/siemens-sitop-psu200m-6ep1334-3ba10\/"},"modified":"2025-12-08T17:44:58","modified_gmt":"2025-12-08T16:44:58","slug":"siemens-sitop-psu200m-6ep1334-3ba10","status":"publish","type":"product","link":"https:\/\/shop.erdexim.de\/en\/product\/siemens-sitop-psu200m-6ep1334-3ba10\/","title":{"rendered":"Siemens SITOP PSU200M 6EP1334-3BA10"},"content":{"rendered":"<p>Siemens SITOP PSU200M<\/p>\n<p>Modell: 6EP1334-3BA10<br \/>\nEingangsspannung: AC 120\u2013230 V \/ 4,4\u20132,4 A \/ 50\u201360 Hz<br \/>\noder AC 230\u2013400\u2013500 V \/ 2,4\u20131,3\u20131,1 A \/ 50\u201360 Hz<br \/>\nAusgangsspannung: DC 24 V \/ 10 A<br \/>\nTemperaturbereich: -25 \u2026 +60 \u00b0C<br \/>\nGewicht: ca. 1,0 kg<br \/>\nZustand: gebraucht, gepr\u00fcft<br \/>\nHersteller: Siemens AG \u00d6sterreich<br \/>\nProduktreihe: SITOP PSU200M<br \/>\nHerkunftsland: Rum\u00e4nien<br \/>\nPreis ohne MwSt pro St\u00fcck<br \/>\nSt\u00fcck:<\/p>","protected":false},"excerpt":{"rendered":"<p>Siemens SITOP PSU200M Modell: 6EP1334-3BA10 Eingangsspannung: AC 120\u2013230 V \/ 4,4\u20132,4 A \/ 50\u201360 Hz oder AC 230\u2013400\u2013500 V \/ 2,4\u20131,3\u20131,1 A \/ 50\u201360 Hz Ausgangsspannung: DC 24 V \/ 10 A Temperaturbereich: -25 \u2026 +60 \u00b0C Gewicht: ca. 1,0 kg Zustand: gebraucht, gepr\u00fcft Hersteller: Siemens AG \u00d6sterreich Produktreihe: SITOP PSU200M Herkunftsland: Rum\u00e4nien Preis ohne<\/p>\n<div class=\"klb-readmore button\"><a class=\"btn link\" href=\"https:\/\/shop.erdexim.de\/en\/product\/siemens-sitop-psu200m-6ep1334-3ba10\/\">Read More <i class=\"klbth-icon-right-arrow\"><\/i><\/a><\/div>","protected":false},"featured_media":8648,"comment_status":"closed","ping_status":"closed","template":"","meta":[],"product_brand":[],"product_cat":[399],"product_tag":[],"class_list":{"0":"post-8654","1":"product","2":"type-product","3":"status-publish","4":"has-post-thumbnail","6":"product_cat-drehgeber","8":"first","9":"instock","10":"taxable","11":"shipping-taxable","12":"purchasable","13":"product-type-simple"},"jetpack_sharing_enabled":true,"_links":{"self":[{"href":"https:\/\/shop.erdexim.de\/en\/wp-json\/wp\/v2\/product\/8654","targetHints":{"allow":["GET"]}}],"collection":[{"href":"https:\/\/shop.erdexim.de\/en\/wp-json\/wp\/v2\/product"}],"about":[{"href":"https:\/\/shop.erdexim.de\/en\/wp-json\/wp\/v2\/types\/product"}],"replies":[{"embeddable":true,"href":"https:\/\/shop.erdexim.de\/en\/wp-json\/wp\/v2\/comments?post=8654"}],"wp:featuredmedia":[{"embeddable":true,"href":"https:\/\/shop.erdexim.de\/en\/wp-json\/wp\/v2\/media\/8648"}],"wp:attachment":[{"href":"https:\/\/shop.erdexim.de\/en\/wp-json\/wp\/v2\/media?parent=8654"}],"wp:term":[{"taxonomy":"product_brand","embeddable":true,"href":"https:\/\/shop.erdexim.de\/en\/wp-json\/wp\/v2\/product_brand?post=8654"},{"taxonomy":"product_cat","embeddable":true,"href":"https:\/\/shop.erdexim.de\/en\/wp-json\/wp\/v2\/product_cat?post=8654"},{"taxonomy":"product_tag","embeddable":true,"href":"https:\/\/shop.erdexim.de\/en\/wp-json\/wp\/v2\/product_tag?post=8654"}],"curies":[{"name":"wp","href":"https:\/\/api.w.org\/{rel}","templated":true}]}}