{"id":8661,"date":"2025-12-04T14:58:31","date_gmt":"2025-12-04T13:58:31","guid":{"rendered":"https:\/\/shop.erdexim.de\/product\/siemens-sitop-psu8200-6ep3446-8sb00-0ay0\/"},"modified":"2025-12-08T17:44:59","modified_gmt":"2025-12-08T16:44:59","slug":"siemens-sitop-psu8200-6ep3446-8sb00-0ay0","status":"publish","type":"product","link":"https:\/\/shop.erdexim.de\/en\/product\/siemens-sitop-psu8200-6ep3446-8sb00-0ay0\/","title":{"rendered":"Siemens SITOP PSU8200  6EP3446-8SB00-0AY0"},"content":{"rendered":"<p>Siemens SITOP PSU8200<\/p>\n<p>Modell: 6EP3446-8SB00-0AY0<br \/>\nEingangsspannung: 3AC 400\u2013500 V \/ 1,2\u20131,0 A \/ 50\u201360 Hz<br \/>\nAusgangsspannung: DC 48 V \/ 10 A<br \/>\nTemperaturbereich: -25 \u2026 +60 \u00b0C<br \/>\nGewicht: ca. 1,0 kg<br \/>\nZustand: gebraucht, gepr\u00fcft<br \/>\nHersteller: Siemens AG \u00d6sterreich<br \/>\nProduktreihe: SITOP PSU8200<br \/>\nHerkunftsland: \u00d6sterreich<br \/>\nPreis ohne MwSt pro St\u00fcck<br \/>\nSt\u00fcck<\/p>","protected":false},"excerpt":{"rendered":"<p>Siemens SITOP PSU8200 Modell: 6EP3446-8SB00-0AY0 Eingangsspannung: 3AC 400\u2013500 V \/ 1,2\u20131,0 A \/ 50\u201360 Hz Ausgangsspannung: DC 48 V \/ 10 A Temperaturbereich: -25 \u2026 +60 \u00b0C Gewicht: ca. 1,0 kg Zustand: gebraucht, gepr\u00fcft Hersteller: Siemens AG \u00d6sterreich Produktreihe: SITOP PSU8200 Herkunftsland: \u00d6sterreich Preis ohne MwSt pro St\u00fcck St\u00fcck<\/p>","protected":false},"featured_media":8655,"comment_status":"closed","ping_status":"closed","template":"","meta":[],"product_brand":[],"product_cat":[399],"product_tag":[],"class_list":{"0":"post-8661","1":"product","2":"type-product","3":"status-publish","4":"has-post-thumbnail","6":"product_cat-drehgeber","8":"first","9":"instock","10":"taxable","11":"shipping-taxable","12":"purchasable","13":"product-type-simple"},"jetpack_sharing_enabled":true,"_links":{"self":[{"href":"https:\/\/shop.erdexim.de\/en\/wp-json\/wp\/v2\/product\/8661","targetHints":{"allow":["GET"]}}],"collection":[{"href":"https:\/\/shop.erdexim.de\/en\/wp-json\/wp\/v2\/product"}],"about":[{"href":"https:\/\/shop.erdexim.de\/en\/wp-json\/wp\/v2\/types\/product"}],"replies":[{"embeddable":true,"href":"https:\/\/shop.erdexim.de\/en\/wp-json\/wp\/v2\/comments?post=8661"}],"wp:featuredmedia":[{"embeddable":true,"href":"https:\/\/shop.erdexim.de\/en\/wp-json\/wp\/v2\/media\/8655"}],"wp:attachment":[{"href":"https:\/\/shop.erdexim.de\/en\/wp-json\/wp\/v2\/media?parent=8661"}],"wp:term":[{"taxonomy":"product_brand","embeddable":true,"href":"https:\/\/shop.erdexim.de\/en\/wp-json\/wp\/v2\/product_brand?post=8661"},{"taxonomy":"product_cat","embeddable":true,"href":"https:\/\/shop.erdexim.de\/en\/wp-json\/wp\/v2\/product_cat?post=8661"},{"taxonomy":"product_tag","embeddable":true,"href":"https:\/\/shop.erdexim.de\/en\/wp-json\/wp\/v2\/product_tag?post=8661"}],"curies":[{"name":"wp","href":"https:\/\/api.w.org\/{rel}","templated":true}]}}