{"id":8668,"date":"2025-12-04T14:58:32","date_gmt":"2025-12-04T13:58:32","guid":{"rendered":"https:\/\/shop.erdexim.de\/product\/siemens-sitop-psu300s-6ep1434-2ba10\/"},"modified":"2025-12-08T17:45:01","modified_gmt":"2025-12-08T16:45:01","slug":"siemens-sitop-psu300s-6ep1434-2ba10","status":"publish","type":"product","link":"https:\/\/shop.erdexim.de\/en\/product\/siemens-sitop-psu300s-6ep1434-2ba10\/","title":{"rendered":"Siemens SITOP PSU300S  6EP1434-2BA10"},"content":{"rendered":"<p>Siemens SITOP PSU300S<\/p>\n<p>Modell: 6EP1434-2BA10<br \/>\nEingangsspannung: 3AC 400\u2013500 V \/ 0,6\u20130,5 A \/ 50\u201360 Hz<br \/>\nAusgangsspannung: DC 24 V \/ 10 A<br \/>\nTemperaturbereich: 0 \u2026 +60 \u00b0C<br \/>\nHersteller: Siemens AG \u00d6sterreich<br \/>\nProduktreihe: SITOP PSU300S<br \/>\nZustand: gebraucht, gepr\u00fcft<br \/>\nHerkunftsland: \u00d6sterreich<br \/>\nPreis ohne MwSt pro St\u00fcck<br \/>\nSt\u00fcck<\/p>","protected":false},"excerpt":{"rendered":"<p>Siemens SITOP PSU300S Modell: 6EP1434-2BA10 Eingangsspannung: 3AC 400\u2013500 V \/ 0,6\u20130,5 A \/ 50\u201360 Hz Ausgangsspannung: DC 24 V \/ 10 A Temperaturbereich: 0 \u2026 +60 \u00b0C Hersteller: Siemens AG \u00d6sterreich Produktreihe: SITOP PSU300S Zustand: gebraucht, gepr\u00fcft Herkunftsland: \u00d6sterreich Preis ohne MwSt pro St\u00fcck St\u00fcck<\/p>","protected":false},"featured_media":8662,"comment_status":"closed","ping_status":"closed","template":"","meta":[],"product_brand":[],"product_cat":[399],"product_tag":[],"class_list":{"0":"post-8668","1":"product","2":"type-product","3":"status-publish","4":"has-post-thumbnail","6":"product_cat-drehgeber","8":"first","9":"instock","10":"taxable","11":"shipping-taxable","12":"purchasable","13":"product-type-simple"},"jetpack_sharing_enabled":true,"_links":{"self":[{"href":"https:\/\/shop.erdexim.de\/en\/wp-json\/wp\/v2\/product\/8668","targetHints":{"allow":["GET"]}}],"collection":[{"href":"https:\/\/shop.erdexim.de\/en\/wp-json\/wp\/v2\/product"}],"about":[{"href":"https:\/\/shop.erdexim.de\/en\/wp-json\/wp\/v2\/types\/product"}],"replies":[{"embeddable":true,"href":"https:\/\/shop.erdexim.de\/en\/wp-json\/wp\/v2\/comments?post=8668"}],"wp:featuredmedia":[{"embeddable":true,"href":"https:\/\/shop.erdexim.de\/en\/wp-json\/wp\/v2\/media\/8662"}],"wp:attachment":[{"href":"https:\/\/shop.erdexim.de\/en\/wp-json\/wp\/v2\/media?parent=8668"}],"wp:term":[{"taxonomy":"product_brand","embeddable":true,"href":"https:\/\/shop.erdexim.de\/en\/wp-json\/wp\/v2\/product_brand?post=8668"},{"taxonomy":"product_cat","embeddable":true,"href":"https:\/\/shop.erdexim.de\/en\/wp-json\/wp\/v2\/product_cat?post=8668"},{"taxonomy":"product_tag","embeddable":true,"href":"https:\/\/shop.erdexim.de\/en\/wp-json\/wp\/v2\/product_tag?post=8668"}],"curies":[{"name":"wp","href":"https:\/\/api.w.org\/{rel}","templated":true}]}}