{"id":8702,"date":"2025-12-04T14:58:44","date_gmt":"2025-12-04T13:58:44","guid":{"rendered":"https:\/\/shop.erdexim.de\/product\/siemens-simodrive-lt-modul-int-50a-6sn1123-1aa00-0ca1\/"},"modified":"2026-04-23T17:32:43","modified_gmt":"2026-04-23T15:32:43","slug":"siemens-simodrive-lt-modul-int-50a-6sn1123-1aa00-0ca1","status":"publish","type":"product","link":"https:\/\/shop.erdexim.de\/en\/product\/siemens-simodrive-lt-modul-int-50a-6sn1123-1aa00-0ca1\/","title":{"rendered":"Siemens SIMODRIVE LT-Modul Int. 50A  6SN1123-1AA00-0CA1"},"content":{"rendered":"<p>Siemens SIMODRIVE LT-Modul Int. 50A<\/p>\n<p>Modell: 6SN1123-1AA00-0CA1<br \/>\nNennstrom: 50 A<br \/>\nVersion: C<br \/>\nProduktreihe: SIMODRIVE<br \/>\nHersteller: Siemens AG Deutschland<br \/>\nZustand: gebraucht, gepr\u00fcft<br \/>\nGewicht: ca. 4,5 kg<br \/>\nHerkunftsland: Deutschland<br \/>\nPreis ohne MwSt pro St\u00fcck<br \/>\nSt\u00fcck<\/p>\n<p>Siemens SIMODRIVE LT-Modul 6SN1123-1AA00-0CA1, Leistungsmodul 50A, getestet und gepr\u00fcft.<br \/>\nKeywords\/SEO: Siemens Simodrive LT-Modul, Leistungsteil 6SN1123-1AA00-0CA1, Siemens 50A Power Module gebraucht, Siemens Drive Module tested, Siemens Antriebsmodul kaufen<\/p>","protected":false},"excerpt":{"rendered":"<p>Siemens SIMODRIVE LT-Modul Int. 50A Modell: 6SN1123-1AA00-0CA1 Nennstrom: 50 A Version: C Produktreihe: SIMODRIVE Hersteller: Siemens AG Deutschland Zustand: gebraucht, gepr\u00fcft Gewicht: ca. 4,5 kg Herkunftsland: Deutschland Preis ohne MwSt pro St\u00fcck St\u00fcck Siemens SIMODRIVE LT-Modul 6SN1123-1AA00-0CA1, Leistungsmodul 50A, getestet und gepr\u00fcft. Keywords\/SEO: Siemens Simodrive LT-Modul, Leistungsteil 6SN1123-1AA00-0CA1, Siemens 50A Power Module gebraucht, Siemens Drive<\/p>\n<div class=\"klb-readmore button\"><a class=\"btn link\" href=\"https:\/\/shop.erdexim.de\/en\/product\/siemens-simodrive-lt-modul-int-50a-6sn1123-1aa00-0ca1\/\">Read More <i class=\"klbth-icon-right-arrow\"><\/i><\/a><\/div>","protected":false},"featured_media":8698,"comment_status":"closed","ping_status":"closed","template":"","meta":[],"product_brand":[],"product_cat":[399],"product_tag":[],"class_list":{"0":"post-8702","1":"product","2":"type-product","3":"status-publish","4":"has-post-thumbnail","6":"product_cat-drehgeber","8":"first","9":"instock","10":"taxable","11":"shipping-taxable","12":"purchasable","13":"product-type-simple"},"jetpack_sharing_enabled":true,"_links":{"self":[{"href":"https:\/\/shop.erdexim.de\/en\/wp-json\/wp\/v2\/product\/8702","targetHints":{"allow":["GET"]}}],"collection":[{"href":"https:\/\/shop.erdexim.de\/en\/wp-json\/wp\/v2\/product"}],"about":[{"href":"https:\/\/shop.erdexim.de\/en\/wp-json\/wp\/v2\/types\/product"}],"replies":[{"embeddable":true,"href":"https:\/\/shop.erdexim.de\/en\/wp-json\/wp\/v2\/comments?post=8702"}],"wp:featuredmedia":[{"embeddable":true,"href":"https:\/\/shop.erdexim.de\/en\/wp-json\/wp\/v2\/media\/8698"}],"wp:attachment":[{"href":"https:\/\/shop.erdexim.de\/en\/wp-json\/wp\/v2\/media?parent=8702"}],"wp:term":[{"taxonomy":"product_brand","embeddable":true,"href":"https:\/\/shop.erdexim.de\/en\/wp-json\/wp\/v2\/product_brand?post=8702"},{"taxonomy":"product_cat","embeddable":true,"href":"https:\/\/shop.erdexim.de\/en\/wp-json\/wp\/v2\/product_cat?post=8702"},{"taxonomy":"product_tag","embeddable":true,"href":"https:\/\/shop.erdexim.de\/en\/wp-json\/wp\/v2\/product_tag?post=8702"}],"curies":[{"name":"wp","href":"https:\/\/api.w.org\/{rel}","templated":true}]}}