{"id":8711,"date":"2025-12-04T14:58:48","date_gmt":"2025-12-04T13:58:48","guid":{"rendered":"https:\/\/shop.erdexim.de\/product\/siemens-simodrive-ueb-modul-int-ext-6sn1112-1ac01-0aa1\/"},"modified":"2026-04-15T13:55:37","modified_gmt":"2026-04-15T11:55:37","slug":"siemens-simodrive-ueb-modul-int-ext-6sn1112-1ac01-0aa1","status":"publish","type":"product","link":"https:\/\/shop.erdexim.de\/en\/product\/siemens-simodrive-ueb-modul-int-ext-6sn1112-1ac01-0aa1\/","title":{"rendered":"Siemens SIMODRIVE UEB-Modul INT\/EXT 6SN1112-1AC01-0AA1"},"content":{"rendered":"<p>Siemens SIMODRIVE UEB-Modul INT\/EXT<\/p>\n<p>Modell: 6SN1112-1AC01-0AA1<br \/>\nEingangsspannung: 3AC 400 V<br \/>\nAusgang: INT\/EXT Modul, 25\u201350 A (abh\u00e4ngig von Konfiguration)<br \/>\nTemperaturbereich: 0 \u2026 +55 \u00b0C<br \/>\nProduktreihe: SIMODRIVE<br \/>\nHersteller: Siemens AG Deutschland<br \/>\nZustand: gebraucht, gepr\u00fcft<br \/>\nGewicht: ca. 6,5 kg<br \/>\nHerkunftsland: Deutschland<br \/>\nPreis ohne MwSt pro St\u00fcck<br \/>\nSt\u00fcck<\/p>\n<p>Siemens SIMODRIVE UEB-Modul 6SN1112-1AC01-0AA1 \u2013 gepr\u00fcftes Originalteil, ideal f\u00fcr CNC-Maschinen und industrielle Antriebe.<br \/>\nSearch terms: Siemens SIMODRIVE 6SN1112-1AC01-0AA1, UEB Modul, INT\/EXT, Siemens CNC drive module, Siemens tested, gebraucht gepr\u00fcft.<\/p>","protected":false},"excerpt":{"rendered":"<p>Siemens SIMODRIVE UEB-Modul INT\/EXT Modell: 6SN1112-1AC01-0AA1 Eingangsspannung: 3AC 400 V Ausgang: INT\/EXT Modul, 25\u201350 A (abh\u00e4ngig von Konfiguration) Temperaturbereich: 0 \u2026 +55 \u00b0C Produktreihe: SIMODRIVE Hersteller: Siemens AG Deutschland Zustand: gebraucht, gepr\u00fcft Gewicht: ca. 6,5 kg Herkunftsland: Deutschland Preis ohne MwSt pro St\u00fcck St\u00fcck Siemens SIMODRIVE UEB-Modul 6SN1112-1AC01-0AA1 \u2013 gepr\u00fcftes Originalteil, ideal f\u00fcr CNC-Maschinen und<\/p>\n<div class=\"klb-readmore button\"><a class=\"btn link\" href=\"https:\/\/shop.erdexim.de\/en\/product\/siemens-simodrive-ueb-modul-int-ext-6sn1112-1ac01-0aa1\/\">Read More <i class=\"klbth-icon-right-arrow\"><\/i><\/a><\/div>","protected":false},"featured_media":8707,"comment_status":"closed","ping_status":"closed","template":"","meta":[],"product_brand":[],"product_cat":[399],"product_tag":[],"class_list":{"0":"post-8711","1":"product","2":"type-product","3":"status-publish","4":"has-post-thumbnail","6":"product_cat-drehgeber","8":"first","9":"instock","10":"taxable","11":"shipping-taxable","12":"purchasable","13":"product-type-simple"},"jetpack_sharing_enabled":true,"_links":{"self":[{"href":"https:\/\/shop.erdexim.de\/en\/wp-json\/wp\/v2\/product\/8711","targetHints":{"allow":["GET"]}}],"collection":[{"href":"https:\/\/shop.erdexim.de\/en\/wp-json\/wp\/v2\/product"}],"about":[{"href":"https:\/\/shop.erdexim.de\/en\/wp-json\/wp\/v2\/types\/product"}],"replies":[{"embeddable":true,"href":"https:\/\/shop.erdexim.de\/en\/wp-json\/wp\/v2\/comments?post=8711"}],"wp:featuredmedia":[{"embeddable":true,"href":"https:\/\/shop.erdexim.de\/en\/wp-json\/wp\/v2\/media\/8707"}],"wp:attachment":[{"href":"https:\/\/shop.erdexim.de\/en\/wp-json\/wp\/v2\/media?parent=8711"}],"wp:term":[{"taxonomy":"product_brand","embeddable":true,"href":"https:\/\/shop.erdexim.de\/en\/wp-json\/wp\/v2\/product_brand?post=8711"},{"taxonomy":"product_cat","embeddable":true,"href":"https:\/\/shop.erdexim.de\/en\/wp-json\/wp\/v2\/product_cat?post=8711"},{"taxonomy":"product_tag","embeddable":true,"href":"https:\/\/shop.erdexim.de\/en\/wp-json\/wp\/v2\/product_tag?post=8711"}],"curies":[{"name":"wp","href":"https:\/\/api.w.org\/{rel}","templated":true}]}}