{"id":8725,"date":"2025-12-04T15:14:33","date_gmt":"2025-12-04T14:14:33","guid":{"rendered":"https:\/\/shop.erdexim.de\/product\/siemens-simodrive-lt-modul-int-80a-6sn1123-1aa00-0da1\/"},"modified":"2026-05-14T14:26:44","modified_gmt":"2026-05-14T12:26:44","slug":"siemens-simodrive-lt-modul-int-80a-6sn1123-1aa00-0da1","status":"publish","type":"product","link":"https:\/\/shop.erdexim.de\/en\/product\/siemens-simodrive-lt-modul-int-80a-6sn1123-1aa00-0da1\/","title":{"rendered":"Siemens SIMODRIVE LT-Modul INT. 80A  6SN1123-1AA00-0DA1"},"content":{"rendered":"<p>Siemens SIMODRIVE LT-Modul INT. 80A<\/p>\n<p>Modell: 6SN1123-1AA00-0DA1<br \/>\nLeistung: 80A<br \/>\nEingangsspannung: 3AC 400V<br \/>\nProduktreihe: SIMODRIVE 611<br \/>\nVersion: E<br \/>\nHersteller: Siemens AG Deutschland<br \/>\nZustand: gebraucht, gepr\u00fcft<br \/>\nGewicht: ca. 10 kg<br \/>\nHerkunftsland: Deutschland<br \/>\nPreis ohne MwSt pro St\u00fcck<br \/>\nSt\u00fcck<\/p>\n<p>Siemens SIMODRIVE LT-Modul 6SN1123-1AA00-0DA1 \u2013 gepr\u00fcftes Originalteil f\u00fcr CNC-Maschinen und industrielle Antriebe<br \/>\nSearch terms: Siemens SIMODRIVE 6SN1123-1AA00-0DA1 LT Modul INT 80A Siemens Leistungsteil gebraucht gepr\u00fcft Siemens CNC drive module Siemens tested Siemens Originalteil<\/p>","protected":false},"excerpt":{"rendered":"<p>Siemens SIMODRIVE LT-Modul INT. 80A Modell: 6SN1123-1AA00-0DA1 Leistung: 80A Eingangsspannung: 3AC 400V Produktreihe: SIMODRIVE 611 Version: E Hersteller: Siemens AG Deutschland Zustand: gebraucht, gepr\u00fcft Gewicht: ca. 10 kg Herkunftsland: Deutschland Preis ohne MwSt pro St\u00fcck St\u00fcck Siemens SIMODRIVE LT-Modul 6SN1123-1AA00-0DA1 \u2013 gepr\u00fcftes Originalteil f\u00fcr CNC-Maschinen und industrielle Antriebe Search terms: Siemens SIMODRIVE 6SN1123-1AA00-0DA1 LT Modul<\/p>\n<div class=\"klb-readmore button\"><a class=\"btn link\" href=\"https:\/\/shop.erdexim.de\/en\/product\/siemens-simodrive-lt-modul-int-80a-6sn1123-1aa00-0da1\/\">Read More <i class=\"klbth-icon-right-arrow\"><\/i><\/a><\/div>","protected":false},"featured_media":8721,"comment_status":"closed","ping_status":"closed","template":"","meta":[],"product_brand":[],"product_cat":[375],"product_tag":[],"class_list":{"0":"post-8725","1":"product","2":"type-product","3":"status-publish","4":"has-post-thumbnail","6":"product_cat-antriebstechnik","8":"first","9":"instock","10":"taxable","11":"shipping-taxable","12":"purchasable","13":"product-type-simple"},"jetpack_sharing_enabled":true,"_links":{"self":[{"href":"https:\/\/shop.erdexim.de\/en\/wp-json\/wp\/v2\/product\/8725","targetHints":{"allow":["GET"]}}],"collection":[{"href":"https:\/\/shop.erdexim.de\/en\/wp-json\/wp\/v2\/product"}],"about":[{"href":"https:\/\/shop.erdexim.de\/en\/wp-json\/wp\/v2\/types\/product"}],"replies":[{"embeddable":true,"href":"https:\/\/shop.erdexim.de\/en\/wp-json\/wp\/v2\/comments?post=8725"}],"wp:featuredmedia":[{"embeddable":true,"href":"https:\/\/shop.erdexim.de\/en\/wp-json\/wp\/v2\/media\/8721"}],"wp:attachment":[{"href":"https:\/\/shop.erdexim.de\/en\/wp-json\/wp\/v2\/media?parent=8725"}],"wp:term":[{"taxonomy":"product_brand","embeddable":true,"href":"https:\/\/shop.erdexim.de\/en\/wp-json\/wp\/v2\/product_brand?post=8725"},{"taxonomy":"product_cat","embeddable":true,"href":"https:\/\/shop.erdexim.de\/en\/wp-json\/wp\/v2\/product_cat?post=8725"},{"taxonomy":"product_tag","embeddable":true,"href":"https:\/\/shop.erdexim.de\/en\/wp-json\/wp\/v2\/product_tag?post=8725"}],"curies":[{"name":"wp","href":"https:\/\/api.w.org\/{rel}","templated":true}]}}