{"id":8729,"date":"2025-12-04T15:14:34","date_gmt":"2025-12-04T14:14:34","guid":{"rendered":"https:\/\/shop.erdexim.de\/product\/siemens-simodrive-611-e-r-modul-int-80-104kw-6sn1145-1bb00-0ea1\/"},"modified":"2025-12-08T17:45:16","modified_gmt":"2025-12-08T16:45:16","slug":"siemens-simodrive-611-e-r-modul-int-80-104kw-6sn1145-1bb00-0ea1","status":"publish","type":"product","link":"https:\/\/shop.erdexim.de\/en\/product\/siemens-simodrive-611-e-r-modul-int-80-104kw-6sn1145-1bb00-0ea1\/","title":{"rendered":"Siemens SIMODRIVE 611 E\/R-Modul INT. 80\/104kW   6SN1145-1BB00-0EA1"},"content":{"rendered":"<p>Produkt: Siemens SIMODRIVE 611 E\/R-Modul INT. 80\/104kW<br \/>\nModell \/ Artikelnummer: 6SN1145-1BB00-0EA1<br \/>\nLeistung: 80\/104 kW<br \/>\nVersion: F<br \/>\nProduktreihe: SIMODRIVE 611<br \/>\nHersteller: Siemens AG Deutschland<br \/>\nZustand: gebraucht, gepr\u00fcft<br \/>\nGewicht: ca. 25 kg<br \/>\nHerkunftsland: Deutschland<br \/>\nPreis ohne MwSt pro St\u00fcck<br \/>\nSt\u00fcck<\/p>\n<p>Siemens SIMODRIVE 611 E\/R-Modul 6SN1145-1BB00-0EA1 \u2013 gepr\u00fcftes Originalteil, ideal f\u00fcr industrielle Antriebssysteme und CNC-Maschinen<\/p>\n<p>Search terms: Siemens SIMODRIVE 6SN1145-1BB00-0EA1 E\/R Modul 80\/104kW Siemens CNC drive module Siemens tested gebraucht gepr\u00fcft<\/p>","protected":false},"excerpt":{"rendered":"<p>Produkt: Siemens SIMODRIVE 611 E\/R-Modul INT. 80\/104kW Modell \/ Artikelnummer: 6SN1145-1BB00-0EA1 Leistung: 80\/104 kW Version: F Produktreihe: SIMODRIVE 611 Hersteller: Siemens AG Deutschland Zustand: gebraucht, gepr\u00fcft Gewicht: ca. 25 kg Herkunftsland: Deutschland Preis ohne MwSt pro St\u00fcck St\u00fcck Siemens SIMODRIVE 611 E\/R-Modul 6SN1145-1BB00-0EA1 \u2013 gepr\u00fcftes Originalteil, ideal f\u00fcr industrielle Antriebssysteme und CNC-Maschinen Search terms: Siemens<\/p>\n<div class=\"klb-readmore button\"><a class=\"btn link\" href=\"https:\/\/shop.erdexim.de\/en\/product\/siemens-simodrive-611-e-r-modul-int-80-104kw-6sn1145-1bb00-0ea1\/\">Read More <i class=\"klbth-icon-right-arrow\"><\/i><\/a><\/div>","protected":false},"featured_media":8726,"comment_status":"closed","ping_status":"closed","template":"","meta":[],"product_brand":[],"product_cat":[399],"product_tag":[],"class_list":{"0":"post-8729","1":"product","2":"type-product","3":"status-publish","4":"has-post-thumbnail","6":"product_cat-drehgeber","8":"first","9":"instock","10":"taxable","11":"shipping-taxable","12":"purchasable","13":"product-type-simple"},"jetpack_sharing_enabled":true,"_links":{"self":[{"href":"https:\/\/shop.erdexim.de\/en\/wp-json\/wp\/v2\/product\/8729","targetHints":{"allow":["GET"]}}],"collection":[{"href":"https:\/\/shop.erdexim.de\/en\/wp-json\/wp\/v2\/product"}],"about":[{"href":"https:\/\/shop.erdexim.de\/en\/wp-json\/wp\/v2\/types\/product"}],"replies":[{"embeddable":true,"href":"https:\/\/shop.erdexim.de\/en\/wp-json\/wp\/v2\/comments?post=8729"}],"wp:featuredmedia":[{"embeddable":true,"href":"https:\/\/shop.erdexim.de\/en\/wp-json\/wp\/v2\/media\/8726"}],"wp:attachment":[{"href":"https:\/\/shop.erdexim.de\/en\/wp-json\/wp\/v2\/media?parent=8729"}],"wp:term":[{"taxonomy":"product_brand","embeddable":true,"href":"https:\/\/shop.erdexim.de\/en\/wp-json\/wp\/v2\/product_brand?post=8729"},{"taxonomy":"product_cat","embeddable":true,"href":"https:\/\/shop.erdexim.de\/en\/wp-json\/wp\/v2\/product_cat?post=8729"},{"taxonomy":"product_tag","embeddable":true,"href":"https:\/\/shop.erdexim.de\/en\/wp-json\/wp\/v2\/product_tag?post=8729"}],"curies":[{"name":"wp","href":"https:\/\/api.w.org\/{rel}","templated":true}]}}