{"id":8761,"date":"2025-12-04T15:14:44","date_gmt":"2025-12-04T14:14:44","guid":{"rendered":"https:\/\/shop.erdexim.de\/product\/siemens-sinamics-v90-pn-servoantrieb-6sl3210-5fb10-2uf2\/"},"modified":"2025-12-04T14:14:44","modified_gmt":"2025-12-04T13:14:44","slug":"siemens-sinamics-v90-pn-servoantrieb-6sl3210-5fb10-2uf2","status":"publish","type":"product","link":"https:\/\/shop.erdexim.de\/en\/product\/siemens-sinamics-v90-pn-servoantrieb-6sl3210-5fb10-2uf2\/","title":{"rendered":"Siemens SINAMICS V90 PN Servoantrieb   6SL3210-5FB10-2UF2"},"content":{"rendered":"<p>Siemens SINAMICS V90 PN Servoantrieb<\/p>\n<p>Modell: 6SL3210-5FB10-2UF2<br \/>\nSerie: SINAMICS V90<br \/>\nEingangsspannung: 1AC\/3AC 200\u2013240 V, 3.0A\/1.8A, 50\/60 Hz<br \/>\nAusgangsspannung: 3AC 0\u2013Input V, 1.4A, 0\u2013330 Hz<br \/>\nLeistung: 0.2 kW<br \/>\nSchutzart: IP20<br \/>\nSchnittstellen: Profinet (PN), digitale Ein-\/Ausg\u00e4nge<br \/>\nHersteller: Siemens AG Deutschland<br \/>\nZustand: gebraucht, gepr\u00fcft<br \/>\nGewicht: ca. 2,5 kg<br \/>\nHerkunftsland: Deutschland<br \/>\nPreis ohne MwSt pro St\u00fcck<br \/>\nSt\u00fcck<\/p>\n<p>Siemens SINAMICS V90 PN 6SL3210-5FB10-2UF2 \u2013 gepr\u00fcftes Originalteil f\u00fcr CNC-Maschinen und industrielle Antriebe<\/p>\n<p>Search terms: Siemens SINAMICS V90 PN 6SL3210-5FB10-2UF2 Servo Drive Profinet gepr\u00fcft gebraucht Siemens CNC Antrieb Siemens Originalteil<\/p>","protected":false},"excerpt":{"rendered":"<p>Siemens SINAMICS V90 PN Servoantrieb Modell: 6SL3210-5FB10-2UF2 Serie: SINAMICS V90 Eingangsspannung: 1AC\/3AC 200\u2013240 V, 3.0A\/1.8A, 50\/60 Hz Ausgangsspannung: 3AC 0\u2013Input V, 1.4A, 0\u2013330 Hz Leistung: 0.2 kW Schutzart: IP20 Schnittstellen: Profinet (PN), digitale Ein-\/Ausg\u00e4nge Hersteller: Siemens AG Deutschland Zustand: gebraucht, gepr\u00fcft Gewicht: ca. 2,5 kg Herkunftsland: Deutschland Preis ohne MwSt pro St\u00fcck St\u00fcck Siemens SINAMICS<\/p>\n<div class=\"klb-readmore button\"><a class=\"btn link\" href=\"https:\/\/shop.erdexim.de\/en\/product\/siemens-sinamics-v90-pn-servoantrieb-6sl3210-5fb10-2uf2\/\">Read More <i class=\"klbth-icon-right-arrow\"><\/i><\/a><\/div>","protected":false},"featured_media":8757,"comment_status":"closed","ping_status":"closed","template":"","meta":[],"product_brand":[],"product_cat":[399],"product_tag":[],"class_list":{"0":"post-8761","1":"product","2":"type-product","3":"status-publish","4":"has-post-thumbnail","6":"product_cat-drehgeber","8":"first","9":"instock","10":"taxable","11":"shipping-taxable","12":"purchasable","13":"product-type-simple"},"jetpack_sharing_enabled":true,"_links":{"self":[{"href":"https:\/\/shop.erdexim.de\/en\/wp-json\/wp\/v2\/product\/8761","targetHints":{"allow":["GET"]}}],"collection":[{"href":"https:\/\/shop.erdexim.de\/en\/wp-json\/wp\/v2\/product"}],"about":[{"href":"https:\/\/shop.erdexim.de\/en\/wp-json\/wp\/v2\/types\/product"}],"replies":[{"embeddable":true,"href":"https:\/\/shop.erdexim.de\/en\/wp-json\/wp\/v2\/comments?post=8761"}],"wp:featuredmedia":[{"embeddable":true,"href":"https:\/\/shop.erdexim.de\/en\/wp-json\/wp\/v2\/media\/8757"}],"wp:attachment":[{"href":"https:\/\/shop.erdexim.de\/en\/wp-json\/wp\/v2\/media?parent=8761"}],"wp:term":[{"taxonomy":"product_brand","embeddable":true,"href":"https:\/\/shop.erdexim.de\/en\/wp-json\/wp\/v2\/product_brand?post=8761"},{"taxonomy":"product_cat","embeddable":true,"href":"https:\/\/shop.erdexim.de\/en\/wp-json\/wp\/v2\/product_cat?post=8761"},{"taxonomy":"product_tag","embeddable":true,"href":"https:\/\/shop.erdexim.de\/en\/wp-json\/wp\/v2\/product_tag?post=8761"}],"curies":[{"name":"wp","href":"https:\/\/api.w.org\/{rel}","templated":true}]}}