{"id":8865,"date":"2025-12-04T14:59:09","date_gmt":"2025-12-04T13:59:09","guid":{"rendered":"https:\/\/shop.erdexim.de\/product\/siemens-simodrive-lt-modul-int-2x25a-6sn1123-1ab00-0ba1\/"},"modified":"2026-04-13T15:31:06","modified_gmt":"2026-04-13T13:31:06","slug":"siemens-simodrive-lt-modul-int-2x25a-6sn1123-1ab00-0ba1","status":"publish","type":"product","link":"https:\/\/shop.erdexim.de\/en\/product\/siemens-simodrive-lt-modul-int-2x25a-6sn1123-1ab00-0ba1\/","title":{"rendered":"Siemens Simodrive LT-Modul INT. 2x25A  6SN1123-1AB00-0BA1"},"content":{"rendered":"<p>Modell \/ Typ: 6SN1123-1AB00-0BA1<br \/>\nHerkunftsland: Deutschland<br \/>\nHersteller: Siemens<br \/>\nGewicht: 6 kg<br \/>\nAbmessungen: 600 \u00d7 260 \u00d7 100 mm<br \/>\nZustand: gebraucht, gepr\u00fcft, voll funktionsf\u00e4hig<br \/>\nPreis ohne MwSt.<br \/>\nZusatzinformation: Simodrive 611 LT-Modul INT. 2\u00d725A<\/p>","protected":false},"excerpt":{"rendered":"<p>Modell \/ Typ: 6SN1123-1AB00-0BA1 Herkunftsland: Deutschland Hersteller: Siemens Gewicht: 6 kg Abmessungen: 600 \u00d7 260 \u00d7 100 mm Zustand: gebraucht, gepr\u00fcft, voll funktionsf\u00e4hig Preis ohne MwSt. Zusatzinformation: Simodrive 611 LT-Modul INT. 2\u00d725A<\/p>","protected":false},"featured_media":8862,"comment_status":"closed","ping_status":"closed","template":"","meta":[],"product_brand":[],"product_cat":[375],"product_tag":[],"class_list":{"0":"post-8865","1":"product","2":"type-product","3":"status-publish","4":"has-post-thumbnail","6":"product_cat-antriebstechnik","8":"first","9":"outofstock","10":"taxable","11":"shipping-taxable","12":"purchasable","13":"product-type-simple"},"jetpack_sharing_enabled":true,"_links":{"self":[{"href":"https:\/\/shop.erdexim.de\/en\/wp-json\/wp\/v2\/product\/8865","targetHints":{"allow":["GET"]}}],"collection":[{"href":"https:\/\/shop.erdexim.de\/en\/wp-json\/wp\/v2\/product"}],"about":[{"href":"https:\/\/shop.erdexim.de\/en\/wp-json\/wp\/v2\/types\/product"}],"replies":[{"embeddable":true,"href":"https:\/\/shop.erdexim.de\/en\/wp-json\/wp\/v2\/comments?post=8865"}],"wp:featuredmedia":[{"embeddable":true,"href":"https:\/\/shop.erdexim.de\/en\/wp-json\/wp\/v2\/media\/8862"}],"wp:attachment":[{"href":"https:\/\/shop.erdexim.de\/en\/wp-json\/wp\/v2\/media?parent=8865"}],"wp:term":[{"taxonomy":"product_brand","embeddable":true,"href":"https:\/\/shop.erdexim.de\/en\/wp-json\/wp\/v2\/product_brand?post=8865"},{"taxonomy":"product_cat","embeddable":true,"href":"https:\/\/shop.erdexim.de\/en\/wp-json\/wp\/v2\/product_cat?post=8865"},{"taxonomy":"product_tag","embeddable":true,"href":"https:\/\/shop.erdexim.de\/en\/wp-json\/wp\/v2\/product_tag?post=8865"}],"curies":[{"name":"wp","href":"https:\/\/api.w.org\/{rel}","templated":true}]}}