{"id":8869,"date":"2025-12-04T14:59:09","date_gmt":"2025-12-04T13:59:09","guid":{"rendered":"https:\/\/shop.erdexim.de\/product\/siemens-simodrive-611-lt-modul-int-2x50a-6sn1123-1ab00-0ca0\/"},"modified":"2026-03-31T13:34:35","modified_gmt":"2026-03-31T11:34:35","slug":"siemens-simodrive-611-lt-modul-int-2x50a-6sn1123-1ab00-0ca0","status":"publish","type":"product","link":"https:\/\/shop.erdexim.de\/en\/product\/siemens-simodrive-611-lt-modul-int-2x50a-6sn1123-1ab00-0ca0\/","title":{"rendered":"Siemens Simodrive 611 LT-Modul INT. 2x50A   6SN1123-1AB00-0CA0"},"content":{"rendered":"<p>Modell \/ Typ: 6SN1123-1AB00-0CA0<br \/>\nHerkunftsland: Deutschland<br \/>\nHersteller: Siemens<br \/>\nGewicht: 10 kg<br \/>\nAbmessungen: 600 \u00d7 20 \u00d7 40 mm<br \/>\nZustand: gebraucht, gepr\u00fcft, voll funktionsf\u00e4hig<br \/>\nPreis ohne MwSt.<br \/>\nZusatzinformation: LT-Modul INT. 2\u00d750A, Simodrive 611<\/p>","protected":false},"excerpt":{"rendered":"<p>Modell \/ Typ: 6SN1123-1AB00-0CA0 Herkunftsland: Deutschland Hersteller: Siemens Gewicht: 10 kg Abmessungen: 600 \u00d7 20 \u00d7 40 mm Zustand: gebraucht, gepr\u00fcft, voll funktionsf\u00e4hig Preis ohne MwSt. Zusatzinformation: LT-Modul INT. 2\u00d750A, Simodrive 611<\/p>","protected":false},"featured_media":8866,"comment_status":"closed","ping_status":"closed","template":"","meta":[],"product_brand":[],"product_cat":[375],"product_tag":[],"class_list":{"0":"post-8869","1":"product","2":"type-product","3":"status-publish","4":"has-post-thumbnail","6":"product_cat-antriebstechnik","8":"first","9":"instock","10":"taxable","11":"shipping-taxable","12":"purchasable","13":"product-type-simple"},"jetpack_sharing_enabled":true,"_links":{"self":[{"href":"https:\/\/shop.erdexim.de\/en\/wp-json\/wp\/v2\/product\/8869","targetHints":{"allow":["GET"]}}],"collection":[{"href":"https:\/\/shop.erdexim.de\/en\/wp-json\/wp\/v2\/product"}],"about":[{"href":"https:\/\/shop.erdexim.de\/en\/wp-json\/wp\/v2\/types\/product"}],"replies":[{"embeddable":true,"href":"https:\/\/shop.erdexim.de\/en\/wp-json\/wp\/v2\/comments?post=8869"}],"wp:featuredmedia":[{"embeddable":true,"href":"https:\/\/shop.erdexim.de\/en\/wp-json\/wp\/v2\/media\/8866"}],"wp:attachment":[{"href":"https:\/\/shop.erdexim.de\/en\/wp-json\/wp\/v2\/media?parent=8869"}],"wp:term":[{"taxonomy":"product_brand","embeddable":true,"href":"https:\/\/shop.erdexim.de\/en\/wp-json\/wp\/v2\/product_brand?post=8869"},{"taxonomy":"product_cat","embeddable":true,"href":"https:\/\/shop.erdexim.de\/en\/wp-json\/wp\/v2\/product_cat?post=8869"},{"taxonomy":"product_tag","embeddable":true,"href":"https:\/\/shop.erdexim.de\/en\/wp-json\/wp\/v2\/product_tag?post=8869"}],"curies":[{"name":"wp","href":"https:\/\/api.w.org\/{rel}","templated":true}]}}