{"id":8906,"date":"2025-12-04T14:59:15","date_gmt":"2025-12-04T13:59:15","guid":{"rendered":"https:\/\/shop.erdexim.de\/product\/angetriebenes-werkzeug-90-vdi-30-er25\/"},"modified":"2026-04-15T13:56:13","modified_gmt":"2026-04-15T11:56:13","slug":"angetriebenes-werkzeug-90-vdi-30-er25","status":"publish","type":"product","link":"https:\/\/shop.erdexim.de\/en\/product\/angetriebenes-werkzeug-90-vdi-30-er25\/","title":{"rendered":"Angetriebenes Werkzeug 90\u00b0 VDI 30 ER25 Sauter 0.5.491.203 \u2013 109.691 \/ 50601D"},"content":{"rendered":"<p>Modell \/ Typ: Sauter 0.5.491.203 \u2013 109.691 \/ 50601D<br \/>\nHerkunftsland: Deutschland<br \/>\nHersteller: Sauter<br \/>\nGewicht: 4,85 kg<br \/>\nAbmessungen: 222 \u00d7 130 \u00d7 70 mm<br \/>\nZustand: gebraucht, gepr\u00fcft, voll funktionsf\u00e4hig<br \/>\nPreis ohne MwSt.<br \/>\nZusatzinformation: Angetriebenes Werkzeug (Winkelkopf 90\u00b0) mit ER25-Spannzangenaufnahme, DIN 69880 VDI 30, P = 0,8 kW, M = 32 Nm, n_max = 6000 min\u207b\u00b9, EK\/IK 6\u201325 bar. Passend f\u00fcr CNC-Drehmaschinen mit VDI 30 Revolver (z. B. DMG MORI CTX-Serie, Gildemeister u. a.)<\/p>","protected":false},"excerpt":{"rendered":"<p>Modell \/ Typ: Sauter 0.5.491.203 \u2013 109.691 \/ 50601D Herkunftsland: Deutschland Hersteller: Sauter Gewicht: 4,85 kg Abmessungen: 222 \u00d7 130 \u00d7 70 mm Zustand: gebraucht, gepr\u00fcft, voll funktionsf\u00e4hig Preis ohne MwSt. Zusatzinformation: Angetriebenes Werkzeug (Winkelkopf 90\u00b0) mit ER25-Spannzangenaufnahme, DIN 69880 VDI 30, P = 0,8 kW, M = 32 Nm, n_max = 6000 min\u207b\u00b9, EK\/IK<\/p>\n<div class=\"klb-readmore button\"><a class=\"btn link\" href=\"https:\/\/shop.erdexim.de\/en\/product\/angetriebenes-werkzeug-90-vdi-30-er25\/\">Read More <i class=\"klbth-icon-right-arrow\"><\/i><\/a><\/div>","protected":false},"featured_media":8900,"comment_status":"closed","ping_status":"closed","template":"","meta":[],"product_brand":[],"product_cat":[449],"product_tag":[],"class_list":{"0":"post-8906","1":"product","2":"type-product","3":"status-publish","4":"has-post-thumbnail","6":"product_cat-werkzeuge","8":"first","9":"outofstock","10":"taxable","11":"shipping-taxable","12":"purchasable","13":"product-type-simple"},"jetpack_sharing_enabled":true,"_links":{"self":[{"href":"https:\/\/shop.erdexim.de\/en\/wp-json\/wp\/v2\/product\/8906","targetHints":{"allow":["GET"]}}],"collection":[{"href":"https:\/\/shop.erdexim.de\/en\/wp-json\/wp\/v2\/product"}],"about":[{"href":"https:\/\/shop.erdexim.de\/en\/wp-json\/wp\/v2\/types\/product"}],"replies":[{"embeddable":true,"href":"https:\/\/shop.erdexim.de\/en\/wp-json\/wp\/v2\/comments?post=8906"}],"wp:featuredmedia":[{"embeddable":true,"href":"https:\/\/shop.erdexim.de\/en\/wp-json\/wp\/v2\/media\/8900"}],"wp:attachment":[{"href":"https:\/\/shop.erdexim.de\/en\/wp-json\/wp\/v2\/media?parent=8906"}],"wp:term":[{"taxonomy":"product_brand","embeddable":true,"href":"https:\/\/shop.erdexim.de\/en\/wp-json\/wp\/v2\/product_brand?post=8906"},{"taxonomy":"product_cat","embeddable":true,"href":"https:\/\/shop.erdexim.de\/en\/wp-json\/wp\/v2\/product_cat?post=8906"},{"taxonomy":"product_tag","embeddable":true,"href":"https:\/\/shop.erdexim.de\/en\/wp-json\/wp\/v2\/product_tag?post=8906"}],"curies":[{"name":"wp","href":"https:\/\/api.w.org\/{rel}","templated":true}]}}